{"id":15068,"date":"2025-01-29T14:42:21","date_gmt":"2025-02-18T09:18:36","guid":{"rendered":"https:\/\/zkeshop.sk\/produkt\/medic-8-h-e-o-mask\/"},"modified":"2025-05-06T13:41:04","modified_gmt":"2025-05-06T11:41:04","slug":"medik-8-h-e-o-mask","status":"publish","type":"product","link":"https:\/\/zkeshop.sk\/en\/produkt\/medik-8-h-e-o-mask\/","title":{"rendered":"Medik 8 H.E.O. Mask"},"content":{"rendered":"<h5 class=\"eshop-product-detail__subtitle\">Two-step night hydrating mask<\/h5>\n<div class=\"eshop-product-detail__perex\">\n<p>Treat your skin to the ultimate dose of hydration and wake up with a smoothed, renewed and refined complexion thanks to H.E.O. MASK, a two-step night hydrating mask that not only moisturizes the skin but also smooths fine lines and wrinkles<\/p>\n<h2>Night hydrating mask with hyaluronic acid<\/h2>\n<p>Wake up to beautifully smooth, tightened and supple skin with H.E.O. MASK! The two-step mask contains the best moisturizing clinically proven ingredients. Humectants, emollients and occlusives in optimal proportions work in harmony with each other to leave skin hydrated, smoothed and intensely nourished. In the first step you apply a moisturising blue gel, in the second step a nourishing white cream.<\/p>\n<h3>Step 1: Blue gel<\/h3>\n<p>The humectants in the blue gel are molecules with a large number of hydroxyl (OH) groups that act as magnets for water. Humectants in the top layer of the skin have the ability to attract water from the lower layers. They also have the ability to bind water from the environment to themselves.<\/p>\n<ul>\n<li>Hyaluronic Acid with different molecular weights, Glycerin, NMF (natural moisturizing magnets), Glyceryl Glucoside, Blue Sea Kale (Crambe maritima &#8211; a seaside plant)<\/li>\n<\/ul>\n<h3>Step 2: White cream<\/h3>\n<p>The emollients in a white cream are usually the body&#8217;s own lipids, which fill the missing space between dead skin cells in the upper layer of the skin, thereby strengthening and restoring the skin barrier and smoothing the skin. Water loss from the skin is reduced.<\/p>\n<ul>\n<li>Ceramides, Squalane, Linoleic acid<\/li>\n<\/ul>\n<p>The occluders in white creams are large molecules that do not penetrate the skin, but remain on the skin&#8217;s surface and prevent transepidermal water loss from the skin &#8211; they lock water in the skin).<\/p>\n<ul>\n<li>Dimethicone<\/li>\n<\/ul>\n<h2>Who is the hyaluronic acid mask suitable for?<\/h2>\n<ul>\n<li>Very dry, dehydrated skin<\/li>\n<li>Sensitive skin prone to irritation<\/li>\n<li>Mature skin during menopause, when it is necessary to promote hydration of all skin layers<\/li>\n<li>Skin accustomed to the use of cosmetics with vitamin A<\/li>\n<li>Skin exposed to frequent temperature changes or cold temperatures<\/li>\n<\/ul>\n<h2>Hydration for up to 72 hours<\/h2>\n<p>The effect of H.E.O. MASK is confirmed by clinical studies. It hydrates the skin, locks in moisture and restores the functioning of the protective skin barrier for up to 72 hours (an independent clinical study in which H.E.O. MASK was tested on 35 participants for 4 weeks). Not only will the skin be visibly refreshed and softened, it will also be protected from dryness and skin irritation.<\/p>\n<h2>Use in the evening for maximum hydration during the night<\/h2>\n<ul>\n<li>Always use it as the last step of your evening skincare routine instead of your usual night moisturiser.<\/li>\n<li>After cleansing the skin and applying vitamin A products, apply an almond-sized amount of blue gel (step 1) to the entire face, neck and d\u00e9collet\u00e9. Avoid the eye area. Allow to absorb thoroughly. Then gently rub the white cream (step 2) in almond-sized amounts again over the entire face, neck and d\u00e9collet\u00e9. Leave on overnight. Do not wash off.<\/li>\n<li>Apply 2-3 times a week or as needed<\/li>\n<\/ul>\n<\/div>\n","protected":false},"excerpt":{"rendered":"<h5 class=\"eshop-product-detail__subtitle\">Two-step night hydrating mask<\/h5>\n<div class=\"eshop-product-detail__perex\">\n<p>Treat your skin to the ultimate dose of hydration and wake up with a smoothed, renewed and refined complexion thanks to H.E.O. MASK, a two-step night hydrating mask that not only moisturizes the skin but also smooths fine lines and wrinkles<\/p>\n<\/div>\n","protected":false},"featured_media":14280,"comment_status":"open","ping_status":"closed","template":"","meta":[],"product_brand":[],"product_cat":[187,74,201,209,186,180],"product_tag":[160],"class_list":{"0":"post-15068","1":"product","2":"type-product","3":"status-publish","4":"has-post-thumbnail","6":"product_cat-dry-skin","7":"product_cat-face-creams","8":"product_cat-medik8-en","9":"product_cat-night","10":"product_cat-normal-skin","11":"product_cat-sensitive-skin","12":"product_tag-medik8-en","14":"first","15":"instock","16":"taxable","17":"shipping-taxable","18":"purchasable","19":"product-type-simple"},"yoast_head":"<!-- This site is optimized with the Yoast SEO Premium plugin v27.3 (Yoast SEO v27.3) - https:\/\/yoast.com\/product\/yoast-seo-premium-wordpress\/ -->\n<title>Medik 8 H.E.O. Mask - ZK company<\/title>\n<meta name=\"description\" content=\"Treat your skin to the ultimate dose of hydration and wake up with a smoothed, renewed and refined complexion thanks to H.E.O. MASK\" \/>\n<meta name=\"robots\" content=\"index, follow, max-snippet:-1, max-image-preview:large, max-video-preview:-1\" \/>\n<link rel=\"canonical\" href=\"https:\/\/zkeshop.sk\/en\/produkt\/medik-8-h-e-o-mask\/\" \/>\n<meta property=\"og:locale\" content=\"en_US\" \/>\n<meta property=\"og:type\" content=\"article\" \/>\n<meta property=\"og:title\" content=\"Medik 8 H.E.O. Mask\" \/>\n<meta property=\"og:description\" content=\"Treat your skin to the ultimate dose of hydration and wake up with a smoothed, renewed and refined complexion thanks to H.E.O. MASK\" \/>\n<meta property=\"og:url\" content=\"https:\/\/zkeshop.sk\/en\/produkt\/medik-8-h-e-o-mask\/\" \/>\n<meta property=\"og:site_name\" content=\"ZK company\" \/>\n<meta property=\"article:modified_time\" content=\"2025-05-06T11:41:04+00:00\" \/>\n<meta property=\"og:image\" content=\"https:\/\/zkeshop.sk\/wp-content\/uploads\/2025\/01\/Copy-of-H.E.O.-Step-1amp2-Cutout-ROW-For-Web-1024x1024.png\" \/>\n\t<meta property=\"og:image:width\" content=\"1024\" \/>\n\t<meta property=\"og:image:height\" content=\"1024\" \/>\n\t<meta property=\"og:image:type\" content=\"image\/png\" \/>\n<meta name=\"twitter:card\" content=\"summary_large_image\" \/>\n<meta name=\"twitter:label1\" content=\"Price\" \/>\n\t<meta name=\"twitter:data1\" content=\"68,00&nbsp;&euro;\" \/>\n\t<meta name=\"twitter:label2\" content=\"Availability\" \/>\n\t<meta name=\"twitter:data2\" content=\"In stock\" \/>\n<script type=\"application\/ld+json\" class=\"yoast-schema-graph\">{\"@context\":\"https:\\\/\\\/schema.org\",\"@graph\":[{\"@type\":\"WebPage\",\"@id\":\"https:\\\/\\\/zkeshop.sk\\\/en\\\/produkt\\\/medik-8-h-e-o-mask\\\/\",\"url\":\"https:\\\/\\\/zkeshop.sk\\\/en\\\/produkt\\\/medik-8-h-e-o-mask\\\/\",\"name\":\"Medik 8 H.E.O. Mask - ZK company\",\"isPartOf\":{\"@id\":\"https:\\\/\\\/zkeshop.sk\\\/#website\"},\"primaryImageOfPage\":{\"@id\":\"https:\\\/\\\/zkeshop.sk\\\/en\\\/produkt\\\/medik-8-h-e-o-mask\\\/#primaryimage\"},\"image\":{\"@id\":\"https:\\\/\\\/zkeshop.sk\\\/en\\\/produkt\\\/medik-8-h-e-o-mask\\\/#primaryimage\"},\"thumbnailUrl\":\"https:\\\/\\\/zkeshop.sk\\\/wp-content\\\/uploads\\\/2025\\\/01\\\/Copy-of-H.E.O.-Step-1amp2-Cutout-ROW-For-Web.png\",\"datePublished\":\"2025-02-18T09:18:36+00:00\",\"dateModified\":\"2025-05-06T11:41:04+00:00\",\"description\":\"Treat your skin to the ultimate dose of hydration and wake up with a smoothed, renewed and refined complexion thanks to H.E.O. MASK\",\"breadcrumb\":{\"@id\":\"https:\\\/\\\/zkeshop.sk\\\/en\\\/produkt\\\/medik-8-h-e-o-mask\\\/#breadcrumb\"},\"inLanguage\":\"en-US\",\"potentialAction\":[{\"@type\":\"ReadAction\",\"target\":[\"https:\\\/\\\/zkeshop.sk\\\/en\\\/produkt\\\/medik-8-h-e-o-mask\\\/\"]}]},{\"@type\":\"ImageObject\",\"inLanguage\":\"en-US\",\"@id\":\"https:\\\/\\\/zkeshop.sk\\\/en\\\/produkt\\\/medik-8-h-e-o-mask\\\/#primaryimage\",\"url\":\"https:\\\/\\\/zkeshop.sk\\\/wp-content\\\/uploads\\\/2025\\\/01\\\/Copy-of-H.E.O.-Step-1amp2-Cutout-ROW-For-Web.png\",\"contentUrl\":\"https:\\\/\\\/zkeshop.sk\\\/wp-content\\\/uploads\\\/2025\\\/01\\\/Copy-of-H.E.O.-Step-1amp2-Cutout-ROW-For-Web.png\",\"width\":3107,\"height\":3107,\"caption\":\"Doprajte svojej pleti maxim\u00e1lnu d\u00e1vku hydrat\u00e1cie a preb\u00fadzajte sa s vyhladenou, obnovenou a zjemnenou ple\u0165ou v\u010faka H.E.O. MASK\"},{\"@type\":\"BreadcrumbList\",\"@id\":\"https:\\\/\\\/zkeshop.sk\\\/en\\\/produkt\\\/medik-8-h-e-o-mask\\\/#breadcrumb\",\"itemListElement\":[{\"@type\":\"ListItem\",\"position\":1,\"name\":\"Home\",\"item\":\"https:\\\/\\\/zkeshop.sk\\\/\"},{\"@type\":\"ListItem\",\"position\":2,\"name\":\"Shop\",\"item\":\"https:\\\/\\\/zkeshop.sk\\\/obchod\\\/\"},{\"@type\":\"ListItem\",\"position\":3,\"name\":\"Medik 8 H.E.O. Mask\"}]},{\"@type\":\"WebSite\",\"@id\":\"https:\\\/\\\/zkeshop.sk\\\/#website\",\"url\":\"https:\\\/\\\/zkeshop.sk\\\/\",\"name\":\"ZK company\",\"description\":\"Kvalitn\u00e1 kozmetika pre ka\u017edodenn\u00e9 pou\u017eitie\",\"potentialAction\":[{\"@type\":\"SearchAction\",\"target\":{\"@type\":\"EntryPoint\",\"urlTemplate\":\"https:\\\/\\\/zkeshop.sk\\\/?s={search_term_string}\"},\"query-input\":{\"@type\":\"PropertyValueSpecification\",\"valueRequired\":true,\"valueName\":\"search_term_string\"}}],\"inLanguage\":\"en-US\"}]}<\/script>\n<meta property=\"product:price:amount\" content=\"68.00\" \/>\n<meta property=\"product:price:currency\" content=\"EUR\" \/>\n<meta property=\"og:availability\" content=\"instock\" \/>\n<meta property=\"product:availability\" content=\"instock\" \/>\n<meta property=\"product:condition\" content=\"new\" \/>\n<!-- \/ Yoast SEO Premium plugin. -->","yoast_head_json":{"title":"Medik 8 H.E.O. Mask - ZK company","description":"Treat your skin to the ultimate dose of hydration and wake up with a smoothed, renewed and refined complexion thanks to H.E.O. MASK","robots":{"index":"index","follow":"follow","max-snippet":"max-snippet:-1","max-image-preview":"max-image-preview:large","max-video-preview":"max-video-preview:-1"},"canonical":"https:\/\/zkeshop.sk\/en\/produkt\/medik-8-h-e-o-mask\/","og_locale":"en_US","og_type":"article","og_title":"Medik 8 H.E.O. Mask","og_description":"Treat your skin to the ultimate dose of hydration and wake up with a smoothed, renewed and refined complexion thanks to H.E.O. MASK","og_url":"https:\/\/zkeshop.sk\/en\/produkt\/medik-8-h-e-o-mask\/","og_site_name":"ZK company","article_modified_time":"2025-05-06T11:41:04+00:00","og_image":[{"width":1024,"height":1024,"url":"https:\/\/zkeshop.sk\/wp-content\/uploads\/2025\/01\/Copy-of-H.E.O.-Step-1amp2-Cutout-ROW-For-Web-1024x1024.png","type":"image\/png"}],"twitter_card":"summary_large_image","twitter_misc":{"Price":"68,00&nbsp;&euro;","Availability":"In stock"},"schema":{"@context":"https:\/\/schema.org","@graph":[{"@type":"WebPage","@id":"https:\/\/zkeshop.sk\/en\/produkt\/medik-8-h-e-o-mask\/","url":"https:\/\/zkeshop.sk\/en\/produkt\/medik-8-h-e-o-mask\/","name":"Medik 8 H.E.O. Mask - ZK company","isPartOf":{"@id":"https:\/\/zkeshop.sk\/#website"},"primaryImageOfPage":{"@id":"https:\/\/zkeshop.sk\/en\/produkt\/medik-8-h-e-o-mask\/#primaryimage"},"image":{"@id":"https:\/\/zkeshop.sk\/en\/produkt\/medik-8-h-e-o-mask\/#primaryimage"},"thumbnailUrl":"https:\/\/zkeshop.sk\/wp-content\/uploads\/2025\/01\/Copy-of-H.E.O.-Step-1amp2-Cutout-ROW-For-Web.png","datePublished":"2025-02-18T09:18:36+00:00","dateModified":"2025-05-06T11:41:04+00:00","description":"Treat your skin to the ultimate dose of hydration and wake up with a smoothed, renewed and refined complexion thanks to H.E.O. MASK","breadcrumb":{"@id":"https:\/\/zkeshop.sk\/en\/produkt\/medik-8-h-e-o-mask\/#breadcrumb"},"inLanguage":"en-US","potentialAction":[{"@type":"ReadAction","target":["https:\/\/zkeshop.sk\/en\/produkt\/medik-8-h-e-o-mask\/"]}]},{"@type":"ImageObject","inLanguage":"en-US","@id":"https:\/\/zkeshop.sk\/en\/produkt\/medik-8-h-e-o-mask\/#primaryimage","url":"https:\/\/zkeshop.sk\/wp-content\/uploads\/2025\/01\/Copy-of-H.E.O.-Step-1amp2-Cutout-ROW-For-Web.png","contentUrl":"https:\/\/zkeshop.sk\/wp-content\/uploads\/2025\/01\/Copy-of-H.E.O.-Step-1amp2-Cutout-ROW-For-Web.png","width":3107,"height":3107,"caption":"Doprajte svojej pleti maxim\u00e1lnu d\u00e1vku hydrat\u00e1cie a preb\u00fadzajte sa s vyhladenou, obnovenou a zjemnenou ple\u0165ou v\u010faka H.E.O. MASK"},{"@type":"BreadcrumbList","@id":"https:\/\/zkeshop.sk\/en\/produkt\/medik-8-h-e-o-mask\/#breadcrumb","itemListElement":[{"@type":"ListItem","position":1,"name":"Home","item":"https:\/\/zkeshop.sk\/"},{"@type":"ListItem","position":2,"name":"Shop","item":"https:\/\/zkeshop.sk\/obchod\/"},{"@type":"ListItem","position":3,"name":"Medik 8 H.E.O. Mask"}]},{"@type":"WebSite","@id":"https:\/\/zkeshop.sk\/#website","url":"https:\/\/zkeshop.sk\/","name":"ZK company","description":"Kvalitn\u00e1 kozmetika pre ka\u017edodenn\u00e9 pou\u017eitie","potentialAction":[{"@type":"SearchAction","target":{"@type":"EntryPoint","urlTemplate":"https:\/\/zkeshop.sk\/?s={search_term_string}"},"query-input":{"@type":"PropertyValueSpecification","valueRequired":true,"valueName":"search_term_string"}}],"inLanguage":"en-US"}]},"product_price_amount":"68.00","product_price_currency":"EUR","og_availability":"instock","product_availability":"instock","product_condition":"new"},"_links":{"self":[{"href":"https:\/\/zkeshop.sk\/en\/wp-json\/wp\/v2\/product\/15068","targetHints":{"allow":["GET"]}}],"collection":[{"href":"https:\/\/zkeshop.sk\/en\/wp-json\/wp\/v2\/product"}],"about":[{"href":"https:\/\/zkeshop.sk\/en\/wp-json\/wp\/v2\/types\/product"}],"replies":[{"embeddable":true,"href":"https:\/\/zkeshop.sk\/en\/wp-json\/wp\/v2\/comments?post=15068"}],"version-history":[{"count":0,"href":"https:\/\/zkeshop.sk\/en\/wp-json\/wp\/v2\/product\/15068\/revisions"}],"wp:featuredmedia":[{"embeddable":true,"href":"https:\/\/zkeshop.sk\/en\/wp-json\/wp\/v2\/media\/14280"}],"wp:attachment":[{"href":"https:\/\/zkeshop.sk\/en\/wp-json\/wp\/v2\/media?parent=15068"}],"wp:term":[{"taxonomy":"product_brand","embeddable":true,"href":"https:\/\/zkeshop.sk\/en\/wp-json\/wp\/v2\/product_brand?post=15068"},{"taxonomy":"product_cat","embeddable":true,"href":"https:\/\/zkeshop.sk\/en\/wp-json\/wp\/v2\/product_cat?post=15068"},{"taxonomy":"product_tag","embeddable":true,"href":"https:\/\/zkeshop.sk\/en\/wp-json\/wp\/v2\/product_tag?post=15068"}],"curies":[{"name":"wp","href":"https:\/\/api.w.org\/{rel}","templated":true}]}}