{"id":15073,"date":"2025-01-14T18:21:43","date_gmt":"2025-02-18T09:18:38","guid":{"rendered":"https:\/\/zkeshop.sk\/produkt\/medik-8-calmwise-serum\/"},"modified":"2025-05-06T13:24:25","modified_gmt":"2025-05-06T11:24:25","slug":"medik-8-calmwise-serum","status":"publish","type":"product","link":"https:\/\/zkeshop.sk\/en\/produkt\/medik-8-calmwise-serum\/","title":{"rendered":"Medik 8 Calmwise Serum"},"content":{"rendered":"<h5 class=\"eshop-product-detail__subtitle\">Serum against skin redness<\/h5>\n<div class=\"eshop-product-detail__perex\">\n<p>Skin prone to redness often stings, burns, itches and is excessively sensitive to negative environmental influences. CALMWISE SERUM provides intense relief from all these symptoms. In addition, it also reduces the signs of skin ageing.<\/p>\n<h2>Actively reduces redness<\/h2>\n<p><img loading=\"lazy\" decoding=\"async\" class=\"size-medium wp-image-14314 alignright\" src=\"https:\/\/zkeshop.sk\/wp-content\/uploads\/2025\/01\/Copy-of-Calmwise-Serum-Texture-300x300.jpg\" alt=\"\" width=\"300\" height=\"300\" srcset=\"https:\/\/zkeshop.sk\/wp-content\/uploads\/2025\/01\/Copy-of-Calmwise-Serum-Texture-300x300.jpg 300w, https:\/\/zkeshop.sk\/wp-content\/uploads\/2025\/01\/Copy-of-Calmwise-Serum-Texture-1024x1024.jpg 1024w, https:\/\/zkeshop.sk\/wp-content\/uploads\/2025\/01\/Copy-of-Calmwise-Serum-Texture-150x150.jpg 150w, https:\/\/zkeshop.sk\/wp-content\/uploads\/2025\/01\/Copy-of-Calmwise-Serum-Texture-768x768.jpg 768w, https:\/\/zkeshop.sk\/wp-content\/uploads\/2025\/01\/Copy-of-Calmwise-Serum-Texture-1536x1536.jpg 1536w, https:\/\/zkeshop.sk\/wp-content\/uploads\/2025\/01\/Copy-of-Calmwise-Serum-Texture-400x400.jpg 400w, https:\/\/zkeshop.sk\/wp-content\/uploads\/2025\/01\/Copy-of-Calmwise-Serum-Texture-600x600.jpg 600w, https:\/\/zkeshop.sk\/wp-content\/uploads\/2025\/01\/Copy-of-Calmwise-Serum-Texture-1200x1200.jpg 1200w, https:\/\/zkeshop.sk\/wp-content\/uploads\/2025\/01\/Copy-of-Calmwise-Serum-Texture.jpg 2000w\" sizes=\"auto, (max-width: 300px) 100vw, 300px\" \/>Excessively sensitive skin is not only manifested by adverse reactions to cosmetic products. The skin tends to blush, feel warm, become excessively dry and irritated. CALMWISE SERUM actively reduces <a href=\"https:\/\/www.annabrandejs.sk\/slovnik-pojmov\/koza-a2060\">skin<\/a> redness, thanks to the active ingredient Teprenone, which limits <a href=\"https:\/\/www.annabrandejs.sk\/slovnik-pojmov\/erytem-a2035\">erytosis<\/a>. Studies have shown a reduction of up to 30% after one month of direct application. In addition, it brings soothing relief from other manifestations of hypersensitivity (irritation, tightness, skin pain). It supports the skin in its fight against environmental stress by strengthening its protective lipid barrier. And as the icing on the cake, it visibly reduces the signs of skin ageing and unifies skin tone. Thanks to the applicator, it is easy to apply directly to the skin.<\/p>\n<h2>Dampens skin redness<\/h2>\n<ul>\n<li>Relieves and soothes dry irritated skin by treating and controlling the symptoms of redness<\/li>\n<li>Teprenon reduces erythrosis by up to 30% after one month of direct application<\/li>\n<li>Helps to reduce blood flow to the skin in the facial area, thereby reducing the incidence of flushing, inflammation and pain<\/li>\n<li>Intensely nourishes and moisturizes sensitive skin while reducing blemishes, redness and irritated skin sensations<\/li>\n<\/ul>\n<h2>Protecting and promoting healing<\/h2>\n<ul>\n<li>It provides significant protection against environmental influences such as the very aggressive effects of air pollution and harsh weather<\/li>\n<li>Stimulates healing of the inner layers of the skin, helping to protect against future irritation<\/li>\n<li>Helps minimize the development of fine lines and <a href=\"https:\/\/www.annabrandejs.sk\/slovnik-pojmov\/vrasky-a2073\">wrinkles<\/a>, <a href=\"https:\/\/www.annabrandejs.sk\/slovnik-pojmov\/rozsirene-pory-a1963\">enlarged pores<\/a> and irregular skin coloration<\/li>\n<li>Jojoba oil does not dry out the skin and leaves it smooth and gently moisturised<\/li>\n<\/ul>\n<h2>Non-irritating and non-drying<\/h2>\n<ul>\n<li>Suitable for hypersensitive skin<\/li>\n<li>Visible results after simply one month<\/li>\n<li>Non-irritating<\/li>\n<li>Quickly absorbed<\/li>\n<li>Does not dry, cause increased skin sensitivity or irritation<\/li>\n<li>It has a light and non-greasy composition<\/li>\n<li>Does not aggravate <a href=\"https:\/\/www.annabrandejs.sk\/slovnik-pojmov\/akne-a1903\">acne<\/a><\/li>\n<li>Unscented<\/li>\n<li>Does not contain <a href=\"https:\/\/www.annabrandejs.sk\/slovnik-pojmov\/parabeny-a1946\">parabens<\/a><\/li>\n<li>Without petrochemicals<\/li>\n<\/ul>\n<h2>Not only for sensitive skin<\/h2>\n<p>For all those who have hypersensitive, inflammatory and erythematous skin types and also want to fight aging. Furthermore, it is intended as prophylaxis and care for mild forms of rosacea, facial thread veins and erytrosis.<\/p>\n<h2>With patented teprenon<\/h2>\n<p><strong>Teprenone (3%):<\/strong><br \/>\nA patented active ingredient against blushing, it has excellent effects in preventing and limiting excessive skin sensitivity.<\/p>\n<p><strong>Natural Sage Extract:<\/strong><br \/>\nAn effective soothing and calming ingredient.<\/p>\n<h2>Apply 3 &#8211; 4 drops<\/h2>\n<ul>\n<li>In the morning after cleansing, use the dropper to apply CALMWISE SERUM directly to the skin. CALMWISE SERUM can be used all over the face or only in areas of redness or rosacea. Apply 3 &#8211; 4 drops once (or twice if necessary) daily. Then use a moisturizer with <a href=\"https:\/\/www.annabrandejs.sk\/slovnik-pojmov\/spf-a2059\">SPF<\/a> protection.<\/li>\n<li>The contents of the 15 ml pack will last approximately 70 applications.<\/li>\n<\/ul>\n<\/div>\n","protected":false},"excerpt":{"rendered":"<h5 class=\"eshop-product-detail__subtitle\">Serum against skin redness<\/h5>\n<div class=\"eshop-product-detail__perex\">\n<p>Skin prone to redness often stings, burns, itches and is excessively sensitive to negative environmental influences. CALMWISE SERUM provides intense relief from all these symptoms. In addition, it also reduces the signs of skin ageing.<\/p>\n<\/div>\n","protected":false},"featured_media":14313,"comment_status":"open","ping_status":"closed","template":"","meta":[],"product_brand":[],"product_cat":[207,187,74,201,209,186,180],"product_tag":[160],"class_list":{"0":"post-15073","1":"product","2":"type-product","3":"status-publish","4":"has-post-thumbnail","6":"product_cat-day","7":"product_cat-dry-skin","8":"product_cat-face-creams","9":"product_cat-medik8-en","10":"product_cat-night","11":"product_cat-normal-skin","12":"product_cat-sensitive-skin","13":"product_tag-medik8-en","15":"first","16":"instock","17":"taxable","18":"shipping-taxable","19":"purchasable","20":"product-type-simple"},"yoast_head":"<!-- This site is optimized with the Yoast SEO Premium plugin v27.3 (Yoast SEO v27.3) - https:\/\/yoast.com\/product\/yoast-seo-premium-wordpress\/ -->\n<title>Medik 8 Calmwise Serum - ZK company<\/title>\n<meta name=\"description\" content=\"Skin prone to redness often stumps, burns and stings. CALMWISE SERUM provides intense relief from all these symptoms.\" \/>\n<meta name=\"robots\" content=\"index, follow, max-snippet:-1, max-image-preview:large, max-video-preview:-1\" \/>\n<link rel=\"canonical\" href=\"https:\/\/zkeshop.sk\/en\/produkt\/medik-8-calmwise-serum\/\" \/>\n<meta property=\"og:locale\" content=\"en_US\" \/>\n<meta property=\"og:type\" content=\"article\" \/>\n<meta property=\"og:title\" content=\"Medik 8 Calmwise Serum\" \/>\n<meta property=\"og:description\" content=\"Skin prone to redness often stumps, burns and stings. CALMWISE SERUM provides intense relief from all these symptoms.\" \/>\n<meta property=\"og:url\" content=\"https:\/\/zkeshop.sk\/en\/produkt\/medik-8-calmwise-serum\/\" \/>\n<meta property=\"og:site_name\" content=\"ZK company\" \/>\n<meta property=\"article:modified_time\" content=\"2025-05-06T11:24:25+00:00\" \/>\n<meta property=\"og:image\" content=\"https:\/\/zkeshop.sk\/wp-content\/uploads\/2025\/01\/Copy-of-Calmwise-Serum-B-1024x1024.png\" \/>\n\t<meta property=\"og:image:width\" content=\"1024\" \/>\n\t<meta property=\"og:image:height\" content=\"1024\" \/>\n\t<meta property=\"og:image:type\" content=\"image\/png\" \/>\n<meta name=\"twitter:card\" content=\"summary_large_image\" \/>\n<meta name=\"twitter:label1\" content=\"Price\" \/>\n\t<meta name=\"twitter:data1\" content=\"46,00&nbsp;&euro;\" \/>\n\t<meta name=\"twitter:label2\" content=\"Availability\" \/>\n\t<meta name=\"twitter:data2\" content=\"In stock\" \/>\n<script type=\"application\/ld+json\" class=\"yoast-schema-graph\">{\"@context\":\"https:\\\/\\\/schema.org\",\"@graph\":[{\"@type\":\"WebPage\",\"@id\":\"https:\\\/\\\/zkeshop.sk\\\/en\\\/produkt\\\/medik-8-calmwise-serum\\\/\",\"url\":\"https:\\\/\\\/zkeshop.sk\\\/en\\\/produkt\\\/medik-8-calmwise-serum\\\/\",\"name\":\"Medik 8 Calmwise Serum - ZK company\",\"isPartOf\":{\"@id\":\"https:\\\/\\\/zkeshop.sk\\\/#website\"},\"primaryImageOfPage\":{\"@id\":\"https:\\\/\\\/zkeshop.sk\\\/en\\\/produkt\\\/medik-8-calmwise-serum\\\/#primaryimage\"},\"image\":{\"@id\":\"https:\\\/\\\/zkeshop.sk\\\/en\\\/produkt\\\/medik-8-calmwise-serum\\\/#primaryimage\"},\"thumbnailUrl\":\"https:\\\/\\\/zkeshop.sk\\\/wp-content\\\/uploads\\\/2025\\\/01\\\/Copy-of-Calmwise-Serum-B.png\",\"datePublished\":\"2025-02-18T09:18:38+00:00\",\"dateModified\":\"2025-05-06T11:24:25+00:00\",\"description\":\"Skin prone to redness often stumps, burns and stings. CALMWISE SERUM provides intense relief from all these symptoms.\",\"breadcrumb\":{\"@id\":\"https:\\\/\\\/zkeshop.sk\\\/en\\\/produkt\\\/medik-8-calmwise-serum\\\/#breadcrumb\"},\"inLanguage\":\"en-US\",\"potentialAction\":[{\"@type\":\"ReadAction\",\"target\":[\"https:\\\/\\\/zkeshop.sk\\\/en\\\/produkt\\\/medik-8-calmwise-serum\\\/\"]}]},{\"@type\":\"ImageObject\",\"inLanguage\":\"en-US\",\"@id\":\"https:\\\/\\\/zkeshop.sk\\\/en\\\/produkt\\\/medik-8-calmwise-serum\\\/#primaryimage\",\"url\":\"https:\\\/\\\/zkeshop.sk\\\/wp-content\\\/uploads\\\/2025\\\/01\\\/Copy-of-Calmwise-Serum-B.png\",\"contentUrl\":\"https:\\\/\\\/zkeshop.sk\\\/wp-content\\\/uploads\\\/2025\\\/01\\\/Copy-of-Calmwise-Serum-B.png\",\"width\":2000,\"height\":2000,\"caption\":\"Poko\u017eka so sklonmi k za\u010dervenaniu \u010dasto pne, p\u00e1li a \u0161t\u00edpe. CALMWISE SERUM poskytuje od v\u0161etk\u00fdch t\u00fdchto prejavov intenz\u00edvnu \u00fa\u013eavu.\"},{\"@type\":\"BreadcrumbList\",\"@id\":\"https:\\\/\\\/zkeshop.sk\\\/en\\\/produkt\\\/medik-8-calmwise-serum\\\/#breadcrumb\",\"itemListElement\":[{\"@type\":\"ListItem\",\"position\":1,\"name\":\"Home\",\"item\":\"https:\\\/\\\/zkeshop.sk\\\/\"},{\"@type\":\"ListItem\",\"position\":2,\"name\":\"Shop\",\"item\":\"https:\\\/\\\/zkeshop.sk\\\/obchod\\\/\"},{\"@type\":\"ListItem\",\"position\":3,\"name\":\"Medik 8 Calmwise Serum\"}]},{\"@type\":\"WebSite\",\"@id\":\"https:\\\/\\\/zkeshop.sk\\\/#website\",\"url\":\"https:\\\/\\\/zkeshop.sk\\\/\",\"name\":\"ZK company\",\"description\":\"Kvalitn\u00e1 kozmetika pre ka\u017edodenn\u00e9 pou\u017eitie\",\"potentialAction\":[{\"@type\":\"SearchAction\",\"target\":{\"@type\":\"EntryPoint\",\"urlTemplate\":\"https:\\\/\\\/zkeshop.sk\\\/?s={search_term_string}\"},\"query-input\":{\"@type\":\"PropertyValueSpecification\",\"valueRequired\":true,\"valueName\":\"search_term_string\"}}],\"inLanguage\":\"en-US\"}]}<\/script>\n<meta property=\"product:price:amount\" content=\"46.00\" \/>\n<meta property=\"product:price:currency\" content=\"EUR\" \/>\n<meta property=\"og:availability\" content=\"instock\" \/>\n<meta property=\"product:availability\" content=\"instock\" \/>\n<meta property=\"product:condition\" content=\"new\" \/>\n<!-- \/ Yoast SEO Premium plugin. -->","yoast_head_json":{"title":"Medik 8 Calmwise Serum - ZK company","description":"Skin prone to redness often stumps, burns and stings. CALMWISE SERUM provides intense relief from all these symptoms.","robots":{"index":"index","follow":"follow","max-snippet":"max-snippet:-1","max-image-preview":"max-image-preview:large","max-video-preview":"max-video-preview:-1"},"canonical":"https:\/\/zkeshop.sk\/en\/produkt\/medik-8-calmwise-serum\/","og_locale":"en_US","og_type":"article","og_title":"Medik 8 Calmwise Serum","og_description":"Skin prone to redness often stumps, burns and stings. CALMWISE SERUM provides intense relief from all these symptoms.","og_url":"https:\/\/zkeshop.sk\/en\/produkt\/medik-8-calmwise-serum\/","og_site_name":"ZK company","article_modified_time":"2025-05-06T11:24:25+00:00","og_image":[{"width":1024,"height":1024,"url":"https:\/\/zkeshop.sk\/wp-content\/uploads\/2025\/01\/Copy-of-Calmwise-Serum-B-1024x1024.png","type":"image\/png"}],"twitter_card":"summary_large_image","twitter_misc":{"Price":"46,00&nbsp;&euro;","Availability":"In stock"},"schema":{"@context":"https:\/\/schema.org","@graph":[{"@type":"WebPage","@id":"https:\/\/zkeshop.sk\/en\/produkt\/medik-8-calmwise-serum\/","url":"https:\/\/zkeshop.sk\/en\/produkt\/medik-8-calmwise-serum\/","name":"Medik 8 Calmwise Serum - ZK company","isPartOf":{"@id":"https:\/\/zkeshop.sk\/#website"},"primaryImageOfPage":{"@id":"https:\/\/zkeshop.sk\/en\/produkt\/medik-8-calmwise-serum\/#primaryimage"},"image":{"@id":"https:\/\/zkeshop.sk\/en\/produkt\/medik-8-calmwise-serum\/#primaryimage"},"thumbnailUrl":"https:\/\/zkeshop.sk\/wp-content\/uploads\/2025\/01\/Copy-of-Calmwise-Serum-B.png","datePublished":"2025-02-18T09:18:38+00:00","dateModified":"2025-05-06T11:24:25+00:00","description":"Skin prone to redness often stumps, burns and stings. CALMWISE SERUM provides intense relief from all these symptoms.","breadcrumb":{"@id":"https:\/\/zkeshop.sk\/en\/produkt\/medik-8-calmwise-serum\/#breadcrumb"},"inLanguage":"en-US","potentialAction":[{"@type":"ReadAction","target":["https:\/\/zkeshop.sk\/en\/produkt\/medik-8-calmwise-serum\/"]}]},{"@type":"ImageObject","inLanguage":"en-US","@id":"https:\/\/zkeshop.sk\/en\/produkt\/medik-8-calmwise-serum\/#primaryimage","url":"https:\/\/zkeshop.sk\/wp-content\/uploads\/2025\/01\/Copy-of-Calmwise-Serum-B.png","contentUrl":"https:\/\/zkeshop.sk\/wp-content\/uploads\/2025\/01\/Copy-of-Calmwise-Serum-B.png","width":2000,"height":2000,"caption":"Poko\u017eka so sklonmi k za\u010dervenaniu \u010dasto pne, p\u00e1li a \u0161t\u00edpe. CALMWISE SERUM poskytuje od v\u0161etk\u00fdch t\u00fdchto prejavov intenz\u00edvnu \u00fa\u013eavu."},{"@type":"BreadcrumbList","@id":"https:\/\/zkeshop.sk\/en\/produkt\/medik-8-calmwise-serum\/#breadcrumb","itemListElement":[{"@type":"ListItem","position":1,"name":"Home","item":"https:\/\/zkeshop.sk\/"},{"@type":"ListItem","position":2,"name":"Shop","item":"https:\/\/zkeshop.sk\/obchod\/"},{"@type":"ListItem","position":3,"name":"Medik 8 Calmwise Serum"}]},{"@type":"WebSite","@id":"https:\/\/zkeshop.sk\/#website","url":"https:\/\/zkeshop.sk\/","name":"ZK company","description":"Kvalitn\u00e1 kozmetika pre ka\u017edodenn\u00e9 pou\u017eitie","potentialAction":[{"@type":"SearchAction","target":{"@type":"EntryPoint","urlTemplate":"https:\/\/zkeshop.sk\/?s={search_term_string}"},"query-input":{"@type":"PropertyValueSpecification","valueRequired":true,"valueName":"search_term_string"}}],"inLanguage":"en-US"}]},"product_price_amount":"46.00","product_price_currency":"EUR","og_availability":"instock","product_availability":"instock","product_condition":"new"},"_links":{"self":[{"href":"https:\/\/zkeshop.sk\/en\/wp-json\/wp\/v2\/product\/15073","targetHints":{"allow":["GET"]}}],"collection":[{"href":"https:\/\/zkeshop.sk\/en\/wp-json\/wp\/v2\/product"}],"about":[{"href":"https:\/\/zkeshop.sk\/en\/wp-json\/wp\/v2\/types\/product"}],"replies":[{"embeddable":true,"href":"https:\/\/zkeshop.sk\/en\/wp-json\/wp\/v2\/comments?post=15073"}],"version-history":[{"count":0,"href":"https:\/\/zkeshop.sk\/en\/wp-json\/wp\/v2\/product\/15073\/revisions"}],"wp:featuredmedia":[{"embeddable":true,"href":"https:\/\/zkeshop.sk\/en\/wp-json\/wp\/v2\/media\/14313"}],"wp:attachment":[{"href":"https:\/\/zkeshop.sk\/en\/wp-json\/wp\/v2\/media?parent=15073"}],"wp:term":[{"taxonomy":"product_brand","embeddable":true,"href":"https:\/\/zkeshop.sk\/en\/wp-json\/wp\/v2\/product_brand?post=15073"},{"taxonomy":"product_cat","embeddable":true,"href":"https:\/\/zkeshop.sk\/en\/wp-json\/wp\/v2\/product_cat?post=15073"},{"taxonomy":"product_tag","embeddable":true,"href":"https:\/\/zkeshop.sk\/en\/wp-json\/wp\/v2\/product_tag?post=15073"}],"curies":[{"name":"wp","href":"https:\/\/api.w.org\/{rel}","templated":true}]}}