{"id":15084,"date":"2025-01-14T18:22:50","date_gmt":"2025-01-14T17:22:50","guid":{"rendered":"https:\/\/zkeshop.sk\/produkt\/medik-8-liquid-peptides\/"},"modified":"2025-05-06T14:28:41","modified_gmt":"2025-05-06T12:28:41","slug":"medik-8-liquid-peptides","status":"publish","type":"product","link":"https:\/\/zkeshop.sk\/en\/produkt\/medik-8-liquid-peptides\/","title":{"rendered":"Medik 8 Liquid Peptides"},"content":{"rendered":"<h5 class=\"eshop-product-detail__subtitle\">Peptide complex<\/h5>\n<div class=\"eshop-product-detail__perex\">\n<p>LIQUID PEPTIDES anti-wrinkle peptide serum rejuvenates your skin. A special technology with a 30% peptide cocktail takes care of the reduction of existing wrinkles and, in addition, prevents their further formation. Your skin will be soft and tightened like silk! <img decoding=\"async\" class=\"alignright\" src=\"https:\/\/www.annabrandejs.sk\/data\/odznaky\/cba2022.jpg\" \/><\/p>\n<h2>Rejuvenation with peptides<\/h2>\n<p>Peptides are already a classic ingredient in skin care. But there&#8217;s one problem with them &#8211; it&#8217;s not exactly easy to get them into the skin so that they can work effectively. They are relatively large and hydrophilic molecules that need a special system to help them enter the skin. Because they are hydrophilic, they have a hard time getting through the lipid spaces around the skin cells.<\/p>\n<h2>Cosmetic drone technology<\/h2>\n<p>Therefore, Medik8 has developed a unique peptide delivery drone technology that will ensure that the effectiveness of the 30% peptide solution will not reduce its absorption problems. The drone-bound copper peptide specifically targets fibroblasts, the cells responsible for collagen and elastin production.<\/p>\n<p>This method helps to stimulate the production of <a href=\"https:\/\/zkeshop.sk\/?s=kolagen&amp;post_type=product\">collagen<\/a> and elastin, leaving the skin supple and smooth.<\/p>\n<h2>Targets all visible signs of skin ageing<\/h2>\n<p>The highly hydrating formula containing a 30% peptide blend with a pioneering absorption system targets all visible signs of skin aging. Skin is nourished, renewed and youthful-looking.<\/p>\n<h2>Peptides firm and smooth the skin<\/h2>\n<p>The peptides, which enter the skin cells using the unique drone technology, facilitate the entry of other peptides into the skin and promote their activity. Thanks to Matrixyl 3000, skin cells produce more collagen, while Expression Line Peptide (Argirelox) reduces contraction of the mimic muscles, minimising the appearance of wrinkles. Both lead to firmer and smoother skin.<\/p>\n<h2>Against wrinkles from glycation<\/h2>\n<p>LIQUID PEPTIDES contains carnosine, which counteracts skin damage by glycation. It prevents the binding of sugars to collagen, which remains cohesive and does not undergo degradation. The result is a reduction in wrinkles and an increase in skin elasticity.<\/p>\n<h2>Perfect hydration<\/h2>\n<p>Hyaluronic acid with different molecular weights hydrates the skin, attracting moisture from the environment. By containing hyaluronic acid molecules of different weights, the serum is able to penetrate deeper layers of the skin and prevent transepidermal water loss.<\/p>\n<h2>4 times the effect:<\/h2>\n<ul>\n<li>Hydrates<\/li>\n<li>Nourishes<\/li>\n<li>Resumes<\/li>\n<li>Reduces visible fine lines and wrinkles<\/li>\n<\/ul>\n<h2>Active ingredients<\/h2>\n<p><strong>Bioline:<\/strong><br \/>\nA prebiotic that restores the skin&#8217;s natural microbiome, giving it a radiant and healthy appearance.<\/p>\n<p><strong>Carnosine:<\/strong><br \/>\nCarnosine can block the glycation process and prevent wrinkles.<\/p>\n<p><strong>Matrixyl Synthe&#8217;6 (Palmitoyl Tripeptide-38):<\/strong><br \/>\nStimulates 6 basic and major components of the skin matrix:<\/p>\n<ol>\n<li>Collagen I &#8211; the main component of the skin extracellular matrix<\/li>\n<li>Collagen III &#8211; produced in the early stages of healing, prior to the formation of collagen I<\/li>\n<li>Collagen IV &#8211; in the healing process<\/li>\n<li>Fibronectin &#8211; a glycoprotein that aids in tissue repair (it binds to collagen and thus, together with other components, ensures skin function, firmness and elasticity)<\/li>\n<li>Hyaluronic acid &#8211; heals and heals wounds, moisturizes and promotes skin elasticity<\/li>\n<li>Laminin-5 is a glycoprotein, under the name calinin, that controls the migration of skin cells.<\/li>\n<\/ol>\n<h2>Morning and evening peptide load for the skin<\/h2>\n<p>Apply LIQUID PEPTIDES serum to the face, neck and d\u00e9collet\u00e9 in the morning and evening after cleansing. Allow to absorb well before applying moisturizer.<\/p>\n<p>For best effect, combine in the morning with ADVANCED DAY TOTAL PROTECT day moisturizer and ADVANCED NIGHT RESTORE eye cream. In the evening, add CRYSTAL RETINAL vitamin A serum followed by ADVANCED NIGHT RESTORE moisturiser.<\/p>\n<p>The 30 ml pack lasts up to 60 applications, so when used in the morning and evening, it is enough for an intensive monthly treatment.<\/p>\n<p>If layering multiple products at once, use HYDR8 B5 first &#8211; i 2x\/day, followed by LIQUID PEPTIDES. Always apply vitamin C (C-TETRA) and vitamin A (retinol) after LIQUID PEPTIDES.<\/p>\n<\/div>\n","protected":false},"excerpt":{"rendered":"<h5 class=\"eshop-product-detail__subtitle\">Peptide complex<\/h5>\n<div class=\"eshop-product-detail__perex\">\n<p>LIQUID PEPTIDES anti-wrinkle peptide serum rejuvenates your skin. A special technology with a 30% peptide cocktail takes care of the reduction of existing wrinkles and in addition prevents their further formation. Your skin will be soft and tightened like silk!<\/p>\n<\/div>\n","protected":false},"featured_media":14460,"comment_status":"open","ping_status":"closed","template":"","meta":[],"product_brand":[],"product_cat":[207,187,74,201,209,186,180],"product_tag":[160],"class_list":{"0":"post-15084","1":"product","2":"type-product","3":"status-publish","4":"has-post-thumbnail","6":"product_cat-day","7":"product_cat-dry-skin","8":"product_cat-face-creams","9":"product_cat-medik8-en","10":"product_cat-night","11":"product_cat-normal-skin","12":"product_cat-sensitive-skin","13":"product_tag-medik8-en","15":"first","16":"instock","17":"taxable","18":"shipping-taxable","19":"purchasable","20":"product-type-simple"},"yoast_head":"<!-- This site is optimized with the Yoast SEO Premium plugin v27.3 (Yoast SEO v27.3) - https:\/\/yoast.com\/product\/yoast-seo-premium-wordpress\/ -->\n<title>Medik 8 Liquid Peptides - ZK company<\/title>\n<meta name=\"description\" content=\"LIQUID PEPTIDES - a special technology with a 30% peptide cocktail takes care of the reduction of existing wrinkles and in addition prevents their further formation.\" \/>\n<meta name=\"robots\" content=\"index, follow, max-snippet:-1, max-image-preview:large, max-video-preview:-1\" \/>\n<link rel=\"canonical\" href=\"https:\/\/zkeshop.sk\/en\/produkt\/medik-8-liquid-peptides\/\" \/>\n<meta property=\"og:locale\" content=\"en_US\" \/>\n<meta property=\"og:type\" content=\"article\" \/>\n<meta property=\"og:title\" content=\"Medik 8 Liquid Peptides\" \/>\n<meta property=\"og:description\" content=\"LIQUID PEPTIDES - a special technology with a 30% peptide cocktail takes care of the reduction of existing wrinkles and in addition prevents their further formation.\" \/>\n<meta property=\"og:url\" content=\"https:\/\/zkeshop.sk\/en\/produkt\/medik-8-liquid-peptides\/\" \/>\n<meta property=\"og:site_name\" content=\"ZK company\" \/>\n<meta property=\"article:modified_time\" content=\"2025-05-06T12:28:41+00:00\" \/>\n<meta property=\"og:image\" content=\"https:\/\/zkeshop.sk\/wp-content\/uploads\/2025\/01\/Copy-of-Liquid-Peptides-B.png\" \/>\n\t<meta property=\"og:image:width\" content=\"2000\" \/>\n\t<meta property=\"og:image:height\" content=\"2000\" \/>\n\t<meta property=\"og:image:type\" content=\"image\/png\" \/>\n<meta name=\"twitter:card\" content=\"summary_large_image\" \/>\n<meta name=\"twitter:label1\" content=\"Price\" \/>\n\t<meta name=\"twitter:data1\" content=\"64,00&nbsp;&euro;\" \/>\n\t<meta name=\"twitter:label2\" content=\"Availability\" \/>\n\t<meta name=\"twitter:data2\" content=\"In stock\" \/>\n<script type=\"application\/ld+json\" class=\"yoast-schema-graph\">{\"@context\":\"https:\\\/\\\/schema.org\",\"@graph\":[{\"@type\":\"WebPage\",\"@id\":\"https:\\\/\\\/zkeshop.sk\\\/en\\\/produkt\\\/medik-8-liquid-peptides\\\/\",\"url\":\"https:\\\/\\\/zkeshop.sk\\\/en\\\/produkt\\\/medik-8-liquid-peptides\\\/\",\"name\":\"Medik 8 Liquid Peptides - ZK company\",\"isPartOf\":{\"@id\":\"https:\\\/\\\/zkeshop.sk\\\/#website\"},\"primaryImageOfPage\":{\"@id\":\"https:\\\/\\\/zkeshop.sk\\\/en\\\/produkt\\\/medik-8-liquid-peptides\\\/#primaryimage\"},\"image\":{\"@id\":\"https:\\\/\\\/zkeshop.sk\\\/en\\\/produkt\\\/medik-8-liquid-peptides\\\/#primaryimage\"},\"thumbnailUrl\":\"https:\\\/\\\/zkeshop.sk\\\/wp-content\\\/uploads\\\/2025\\\/01\\\/Copy-of-Liquid-Peptides-B.png\",\"datePublished\":\"2025-01-14T17:22:50+00:00\",\"dateModified\":\"2025-05-06T12:28:41+00:00\",\"description\":\"LIQUID PEPTIDES - a special technology with a 30% peptide cocktail takes care of the reduction of existing wrinkles and in addition prevents their further formation.\",\"breadcrumb\":{\"@id\":\"https:\\\/\\\/zkeshop.sk\\\/en\\\/produkt\\\/medik-8-liquid-peptides\\\/#breadcrumb\"},\"inLanguage\":\"en-US\",\"potentialAction\":[{\"@type\":\"ReadAction\",\"target\":[\"https:\\\/\\\/zkeshop.sk\\\/en\\\/produkt\\\/medik-8-liquid-peptides\\\/\"]}]},{\"@type\":\"ImageObject\",\"inLanguage\":\"en-US\",\"@id\":\"https:\\\/\\\/zkeshop.sk\\\/en\\\/produkt\\\/medik-8-liquid-peptides\\\/#primaryimage\",\"url\":\"https:\\\/\\\/zkeshop.sk\\\/wp-content\\\/uploads\\\/2025\\\/01\\\/Copy-of-Liquid-Peptides-B.png\",\"contentUrl\":\"https:\\\/\\\/zkeshop.sk\\\/wp-content\\\/uploads\\\/2025\\\/01\\\/Copy-of-Liquid-Peptides-B.png\",\"width\":2000,\"height\":2000,\"caption\":\"LIQUID PEPTIDES - \u0161peci\u00e1lna technol\u00f3gia s 30% kokteilom peptidov sa postar\u00e1 o redukciu existuj\u00facich vr\u00e1sok a navy\u0161e zabr\u00e1ni ich \u010fal\u0161iemu formovaniu.\"},{\"@type\":\"BreadcrumbList\",\"@id\":\"https:\\\/\\\/zkeshop.sk\\\/en\\\/produkt\\\/medik-8-liquid-peptides\\\/#breadcrumb\",\"itemListElement\":[{\"@type\":\"ListItem\",\"position\":1,\"name\":\"Home\",\"item\":\"https:\\\/\\\/zkeshop.sk\\\/\"},{\"@type\":\"ListItem\",\"position\":2,\"name\":\"Shop\",\"item\":\"https:\\\/\\\/zkeshop.sk\\\/obchod\\\/\"},{\"@type\":\"ListItem\",\"position\":3,\"name\":\"Medik 8 Liquid Peptides\"}]},{\"@type\":\"WebSite\",\"@id\":\"https:\\\/\\\/zkeshop.sk\\\/#website\",\"url\":\"https:\\\/\\\/zkeshop.sk\\\/\",\"name\":\"ZK company\",\"description\":\"Kvalitn\u00e1 kozmetika pre ka\u017edodenn\u00e9 pou\u017eitie\",\"potentialAction\":[{\"@type\":\"SearchAction\",\"target\":{\"@type\":\"EntryPoint\",\"urlTemplate\":\"https:\\\/\\\/zkeshop.sk\\\/?s={search_term_string}\"},\"query-input\":{\"@type\":\"PropertyValueSpecification\",\"valueRequired\":true,\"valueName\":\"search_term_string\"}}],\"inLanguage\":\"en-US\"}]}<\/script>\n<meta property=\"product:price:amount\" content=\"64.00\" \/>\n<meta property=\"product:price:currency\" content=\"EUR\" \/>\n<meta property=\"og:availability\" content=\"instock\" \/>\n<meta property=\"product:availability\" content=\"instock\" \/>\n<meta property=\"product:condition\" content=\"new\" \/>\n<!-- \/ Yoast SEO Premium plugin. -->","yoast_head_json":{"title":"Medik 8 Liquid Peptides - ZK company","description":"LIQUID PEPTIDES - a special technology with a 30% peptide cocktail takes care of the reduction of existing wrinkles and in addition prevents their further formation.","robots":{"index":"index","follow":"follow","max-snippet":"max-snippet:-1","max-image-preview":"max-image-preview:large","max-video-preview":"max-video-preview:-1"},"canonical":"https:\/\/zkeshop.sk\/en\/produkt\/medik-8-liquid-peptides\/","og_locale":"en_US","og_type":"article","og_title":"Medik 8 Liquid Peptides","og_description":"LIQUID PEPTIDES - a special technology with a 30% peptide cocktail takes care of the reduction of existing wrinkles and in addition prevents their further formation.","og_url":"https:\/\/zkeshop.sk\/en\/produkt\/medik-8-liquid-peptides\/","og_site_name":"ZK company","article_modified_time":"2025-05-06T12:28:41+00:00","og_image":[{"width":2000,"height":2000,"url":"https:\/\/zkeshop.sk\/wp-content\/uploads\/2025\/01\/Copy-of-Liquid-Peptides-B.png","type":"image\/png"}],"twitter_card":"summary_large_image","twitter_misc":{"Price":"64,00&nbsp;&euro;","Availability":"In stock"},"schema":{"@context":"https:\/\/schema.org","@graph":[{"@type":"WebPage","@id":"https:\/\/zkeshop.sk\/en\/produkt\/medik-8-liquid-peptides\/","url":"https:\/\/zkeshop.sk\/en\/produkt\/medik-8-liquid-peptides\/","name":"Medik 8 Liquid Peptides - ZK company","isPartOf":{"@id":"https:\/\/zkeshop.sk\/#website"},"primaryImageOfPage":{"@id":"https:\/\/zkeshop.sk\/en\/produkt\/medik-8-liquid-peptides\/#primaryimage"},"image":{"@id":"https:\/\/zkeshop.sk\/en\/produkt\/medik-8-liquid-peptides\/#primaryimage"},"thumbnailUrl":"https:\/\/zkeshop.sk\/wp-content\/uploads\/2025\/01\/Copy-of-Liquid-Peptides-B.png","datePublished":"2025-01-14T17:22:50+00:00","dateModified":"2025-05-06T12:28:41+00:00","description":"LIQUID PEPTIDES - a special technology with a 30% peptide cocktail takes care of the reduction of existing wrinkles and in addition prevents their further formation.","breadcrumb":{"@id":"https:\/\/zkeshop.sk\/en\/produkt\/medik-8-liquid-peptides\/#breadcrumb"},"inLanguage":"en-US","potentialAction":[{"@type":"ReadAction","target":["https:\/\/zkeshop.sk\/en\/produkt\/medik-8-liquid-peptides\/"]}]},{"@type":"ImageObject","inLanguage":"en-US","@id":"https:\/\/zkeshop.sk\/en\/produkt\/medik-8-liquid-peptides\/#primaryimage","url":"https:\/\/zkeshop.sk\/wp-content\/uploads\/2025\/01\/Copy-of-Liquid-Peptides-B.png","contentUrl":"https:\/\/zkeshop.sk\/wp-content\/uploads\/2025\/01\/Copy-of-Liquid-Peptides-B.png","width":2000,"height":2000,"caption":"LIQUID PEPTIDES - \u0161peci\u00e1lna technol\u00f3gia s 30% kokteilom peptidov sa postar\u00e1 o redukciu existuj\u00facich vr\u00e1sok a navy\u0161e zabr\u00e1ni ich \u010fal\u0161iemu formovaniu."},{"@type":"BreadcrumbList","@id":"https:\/\/zkeshop.sk\/en\/produkt\/medik-8-liquid-peptides\/#breadcrumb","itemListElement":[{"@type":"ListItem","position":1,"name":"Home","item":"https:\/\/zkeshop.sk\/"},{"@type":"ListItem","position":2,"name":"Shop","item":"https:\/\/zkeshop.sk\/obchod\/"},{"@type":"ListItem","position":3,"name":"Medik 8 Liquid Peptides"}]},{"@type":"WebSite","@id":"https:\/\/zkeshop.sk\/#website","url":"https:\/\/zkeshop.sk\/","name":"ZK company","description":"Kvalitn\u00e1 kozmetika pre ka\u017edodenn\u00e9 pou\u017eitie","potentialAction":[{"@type":"SearchAction","target":{"@type":"EntryPoint","urlTemplate":"https:\/\/zkeshop.sk\/?s={search_term_string}"},"query-input":{"@type":"PropertyValueSpecification","valueRequired":true,"valueName":"search_term_string"}}],"inLanguage":"en-US"}]},"product_price_amount":"64.00","product_price_currency":"EUR","og_availability":"instock","product_availability":"instock","product_condition":"new"},"_links":{"self":[{"href":"https:\/\/zkeshop.sk\/en\/wp-json\/wp\/v2\/product\/15084","targetHints":{"allow":["GET"]}}],"collection":[{"href":"https:\/\/zkeshop.sk\/en\/wp-json\/wp\/v2\/product"}],"about":[{"href":"https:\/\/zkeshop.sk\/en\/wp-json\/wp\/v2\/types\/product"}],"replies":[{"embeddable":true,"href":"https:\/\/zkeshop.sk\/en\/wp-json\/wp\/v2\/comments?post=15084"}],"version-history":[{"count":0,"href":"https:\/\/zkeshop.sk\/en\/wp-json\/wp\/v2\/product\/15084\/revisions"}],"wp:featuredmedia":[{"embeddable":true,"href":"https:\/\/zkeshop.sk\/en\/wp-json\/wp\/v2\/media\/14460"}],"wp:attachment":[{"href":"https:\/\/zkeshop.sk\/en\/wp-json\/wp\/v2\/media?parent=15084"}],"wp:term":[{"taxonomy":"product_brand","embeddable":true,"href":"https:\/\/zkeshop.sk\/en\/wp-json\/wp\/v2\/product_brand?post=15084"},{"taxonomy":"product_cat","embeddable":true,"href":"https:\/\/zkeshop.sk\/en\/wp-json\/wp\/v2\/product_cat?post=15084"},{"taxonomy":"product_tag","embeddable":true,"href":"https:\/\/zkeshop.sk\/en\/wp-json\/wp\/v2\/product_tag?post=15084"}],"curies":[{"name":"wp","href":"https:\/\/api.w.org\/{rel}","templated":true}]}}