{"id":15092,"date":"2025-01-14T18:21:52","date_gmt":"2025-02-18T09:20:25","guid":{"rendered":"https:\/\/zkeshop.sk\/produkt\/medik-8-bakuchiol-peptides\/"},"modified":"2025-06-26T12:14:31","modified_gmt":"2025-06-26T10:14:31","slug":"medik-8-bakuchiol-peptides","status":"publish","type":"product","link":"https:\/\/zkeshop.sk\/en\/produkt\/medik-8-bakuchiol-peptides\/","title":{"rendered":"Medik 8 Bakuchiol Peptides"},"content":{"rendered":"<h5 class=\"eshop-product-detail__subtitle\">The perfect alternative to retinol<\/h5>\n<div class=\"eshop-product-detail__perex\">\n<p>Can&#8217;t use retinol serums or creams containing vitamin A because your skin is too sensitive, or do you have to avoid vitamin A because of pregnancy or breastfeeding? Treat yourself to the same care with BAKUCHIOL PEPTIDES as with vitamin A, but without its potential risks. BAKUCHIOL PEPTIDES rejuvenates the skin, smoothes wrinkles and fine lines, reduces excessive pigmentation and counteracts skin inflammation and acne.<\/p>\n<h2>An alternative to vitamin A<\/h2>\n<p>BAKUCHIOL PEPTIDES serum uses bakuchiol, a natural alternative to retinol, as the main active ingredient, together with brightening peptide precursors. It is therefore a great choice for anyone who does not want or cannot use cosmetics with vitamin A (retinol, retinal and other derivatives).<\/p>\n<h2>Retinol for pregnant<\/h2>\n<h5 class=\"eshop-product-detail__subtitle\"><img loading=\"lazy\" decoding=\"async\" class=\"size-medium wp-image-14341 alignright\" src=\"https:\/\/zkeshop.sk\/wp-content\/uploads\/2025\/01\/Copy-of-Bakuchiol-Peptides-Lifestyle-300x300.jpg\" alt=\"\" width=\"300\" height=\"300\" srcset=\"https:\/\/zkeshop.sk\/wp-content\/uploads\/2025\/01\/Copy-of-Bakuchiol-Peptides-Lifestyle-300x300.jpg 300w, https:\/\/zkeshop.sk\/wp-content\/uploads\/2025\/01\/Copy-of-Bakuchiol-Peptides-Lifestyle-1024x1024.jpg 1024w, https:\/\/zkeshop.sk\/wp-content\/uploads\/2025\/01\/Copy-of-Bakuchiol-Peptides-Lifestyle-150x150.jpg 150w, https:\/\/zkeshop.sk\/wp-content\/uploads\/2025\/01\/Copy-of-Bakuchiol-Peptides-Lifestyle-768x768.jpg 768w, https:\/\/zkeshop.sk\/wp-content\/uploads\/2025\/01\/Copy-of-Bakuchiol-Peptides-Lifestyle-1536x1536.jpg 1536w, https:\/\/zkeshop.sk\/wp-content\/uploads\/2025\/01\/Copy-of-Bakuchiol-Peptides-Lifestyle-400x400.jpg 400w, https:\/\/zkeshop.sk\/wp-content\/uploads\/2025\/01\/Copy-of-Bakuchiol-Peptides-Lifestyle-600x600.jpg 600w, https:\/\/zkeshop.sk\/wp-content\/uploads\/2025\/01\/Copy-of-Bakuchiol-Peptides-Lifestyle-1200x1200.jpg 1200w, https:\/\/zkeshop.sk\/wp-content\/uploads\/2025\/01\/Copy-of-Bakuchiol-Peptides-Lifestyle.jpg 2000w\" sizes=\"auto, (max-width: 300px) 100vw, 300px\" \/><\/h5>\n<p>&nbsp;<\/p>\n<p>According to doctors&#8217; recommendations, cosmetics containing vitamin A should be avoided during pregnancy and breastfeeding, as they can have a negative effect on the development of the fetus and breastfed babies. With BAKUCHIOL PEPTIDES, however, you do not have to miss out on the amazing effect of retinol in the form of rejuvenating, purifying and brightening the skin. For ethical reasons, BAKUCHIOL PEPTIDES serum is not directly tested on pregnant or breastfeeding women, but it does not contain any substance that could be in any way risky during pregnancy or breastfeeding.<\/p>\n<h2>Anti-wrinkle and skin soothing<\/h2>\n<p>BAKUCHIOL PEPTIDES softens, soothes and restores the skin&#8217;s protective barrier. The skin is thus protected, without irritation or redness, and at the same time supple and firmed. The active ingredient bakuchiol helps to smooth wrinkles and fine lines, while other active ingredients brighten the skin and lighten dark spots on the skin. In addition, the serum is suitable for all skin types, including those that typically do not tolerate vitamin A (retinol).<\/p>\n<h2>4 substances for beautiful skin<\/h2>\n<p><strong>1.25% Bakuchiol:<\/strong><br \/>\nA natural alternative to retinol, it acts in the same way as vitamin A itself, i.e. stimulating collagen production and improving skin hydration. Like retinol, it rejuvenates the skin by acting on gene expression. It also has an anti-inflammatory effect, thus calming inflammation and reducing the appearance of rashes and acne.<\/p>\n<p><strong>Brightening peptide precursors:<\/strong><br \/>\nLipoamino acid, which is easily absorbed into the skin, is able to inhibit the activity of melanocyte-stimulating hormones, and thus acts preventively against the production of skin pigments, leading to a brighter complexion and a reduction of excessive pigmentation and age spots.<\/p>\n<p><strong>Asian navelwort:<\/strong><br \/>\nIn traditional Korean skin care, Asian navelwort is a popular ingredient that has an anti-inflammatory effect while promoting healing and skin regeneration. In addition, it contributes to skin rejuvenation as it stimulates the production of type I collagen and promotes skin cell proliferation.<\/p>\n<p><strong>Inka omega oil:<\/strong><br \/>\nThe oil from the seeds of the Sacha inch plant is one of the greatest natural sources of omega fatty acids. When applied topically, these fill the space between skin cells in the topmost layer of the skin, restoring the functioning of the protective skin barrier and preventing skin dehydration.<\/p>\n<h2>How to use the product within the CSA philosophy?<\/h2>\n<p>Medik8&#8217;s anti-wrinkle CSA philosophy is to apply vitamin C and SPF in the morning and use a vitamin A product in the evening. If you can&#8217;t use vitamin A for some reason, BAKUCHIOL PEPTIDES can take its place in your skincare routine. BAKUCHIOL PEPTIDES can be used both in the evening and in the morning.<\/p>\n<h2>Support the effect of retinol<\/h2>\n<p>BAKUCHIOL PEPTIDES can also be used at the same time as vitamin A. In this case, use BAKUCHIOL PEPTIDES as part of your morning skin care routine and include vitamin A in the evening.<\/p>\n<h2>Use as vitamin A<\/h2>\n<ul>\n<li>Apply 6 drops of BAKUCHIOL PEPTIDES serum to the face, neck and d\u00e9collet\u00e9 in the morning and evening after cleansing. If you are accustomed to using another water-based serum, apply BAKUCHIOL PEPTIDES to the skin after this serum. Once BAKUCHIOL PEPTIDES has been absorbed, use the vitamin C serum and day cream for morning care and night cream for evening care.<\/li>\n<li>The 30 ml serum lasts for approximately 100 applications.<\/li>\n<li>Once opened, use the serum within 12 months.<\/li>\n<\/ul>\n<\/div>\n","protected":false},"excerpt":{"rendered":"<h5 class=\"eshop-product-detail__subtitle\">The perfect alternative to retinol<\/h5>\n<div class=\"eshop-product-detail__perex\">\n<p>Can&#8217;t use retinol serums or creams containing vitamin A because your skin is too sensitive, or do you have to avoid vitamin A because of pregnancy or breastfeeding? Treat yourself to the same care with BAKUCHIOL PEPTIDES as with vitamin A, but without its potential risks. BAKUCHIOL PEPTIDES rejuvenates the skin, smoothes wrinkles and fine lines, reduces excessive pigmentation and counteracts skin inflammation and acne.<\/p>\n<\/div>\n","protected":false},"featured_media":14334,"comment_status":"open","ping_status":"closed","template":"","meta":[],"product_brand":[],"product_cat":[207,187,184,74,201,209,186,180],"product_tag":[160],"class_list":{"0":"post-15092","1":"product","2":"type-product","3":"status-publish","4":"has-post-thumbnail","6":"product_cat-day","7":"product_cat-dry-skin","8":"product_cat-excessive-pigmentation","9":"product_cat-face-creams","10":"product_cat-medik8-en","11":"product_cat-night","12":"product_cat-normal-skin","13":"product_cat-sensitive-skin","14":"product_tag-medik8-en","16":"first","17":"instock","18":"taxable","19":"shipping-taxable","20":"purchasable","21":"product-type-simple"},"yoast_head":"<!-- This site is optimized with the Yoast SEO Premium plugin v27.3 (Yoast SEO v27.3) - https:\/\/yoast.com\/product\/yoast-seo-premium-wordpress\/ -->\n<title>Medik 8 Bakuchiol Peptides - ZK company<\/title>\n<meta name=\"description\" content=\"BAKUCHIOL PEPTIDES rejuvenates the skin, smoothes wrinkles and fine lines, reduces excessive pigmentation and counteracts skin inflammation and acne.\" \/>\n<meta name=\"robots\" content=\"index, follow, max-snippet:-1, max-image-preview:large, max-video-preview:-1\" \/>\n<link rel=\"canonical\" href=\"https:\/\/zkeshop.sk\/en\/produkt\/medik-8-bakuchiol-peptides\/\" \/>\n<meta property=\"og:locale\" content=\"en_US\" \/>\n<meta property=\"og:type\" content=\"article\" \/>\n<meta property=\"og:title\" content=\"Medik 8 Bakuchiol Peptides\" \/>\n<meta property=\"og:description\" content=\"BAKUCHIOL PEPTIDES rejuvenates the skin, smoothes wrinkles and fine lines, reduces excessive pigmentation and counteracts skin inflammation and acne.\" \/>\n<meta property=\"og:url\" content=\"https:\/\/zkeshop.sk\/en\/produkt\/medik-8-bakuchiol-peptides\/\" \/>\n<meta property=\"og:site_name\" content=\"ZK company\" \/>\n<meta property=\"article:modified_time\" content=\"2025-06-26T10:14:31+00:00\" \/>\n<meta property=\"og:image\" content=\"https:\/\/zkeshop.sk\/wp-content\/uploads\/2025\/01\/Copy-of-Bakuchiol-Peptides-B-1024x1024.png\" \/>\n\t<meta property=\"og:image:width\" content=\"1024\" \/>\n\t<meta property=\"og:image:height\" content=\"1024\" \/>\n\t<meta property=\"og:image:type\" content=\"image\/png\" \/>\n<meta name=\"twitter:card\" content=\"summary_large_image\" \/>\n<meta name=\"twitter:label1\" content=\"Price\" \/>\n\t<meta name=\"twitter:data1\" content=\"64,00&nbsp;&euro;\" \/>\n\t<meta name=\"twitter:label2\" content=\"Availability\" \/>\n\t<meta name=\"twitter:data2\" content=\"In stock\" \/>\n<script type=\"application\/ld+json\" class=\"yoast-schema-graph\">{\"@context\":\"https:\\\/\\\/schema.org\",\"@graph\":[{\"@type\":\"WebPage\",\"@id\":\"https:\\\/\\\/zkeshop.sk\\\/en\\\/produkt\\\/medik-8-bakuchiol-peptides\\\/\",\"url\":\"https:\\\/\\\/zkeshop.sk\\\/en\\\/produkt\\\/medik-8-bakuchiol-peptides\\\/\",\"name\":\"Medik 8 Bakuchiol Peptides - ZK company\",\"isPartOf\":{\"@id\":\"https:\\\/\\\/zkeshop.sk\\\/#website\"},\"primaryImageOfPage\":{\"@id\":\"https:\\\/\\\/zkeshop.sk\\\/en\\\/produkt\\\/medik-8-bakuchiol-peptides\\\/#primaryimage\"},\"image\":{\"@id\":\"https:\\\/\\\/zkeshop.sk\\\/en\\\/produkt\\\/medik-8-bakuchiol-peptides\\\/#primaryimage\"},\"thumbnailUrl\":\"https:\\\/\\\/zkeshop.sk\\\/wp-content\\\/uploads\\\/2025\\\/01\\\/Copy-of-Bakuchiol-Peptides-B.png\",\"datePublished\":\"2025-02-18T09:20:25+00:00\",\"dateModified\":\"2025-06-26T10:14:31+00:00\",\"description\":\"BAKUCHIOL PEPTIDES rejuvenates the skin, smoothes wrinkles and fine lines, reduces excessive pigmentation and counteracts skin inflammation and acne.\",\"breadcrumb\":{\"@id\":\"https:\\\/\\\/zkeshop.sk\\\/en\\\/produkt\\\/medik-8-bakuchiol-peptides\\\/#breadcrumb\"},\"inLanguage\":\"en-US\",\"potentialAction\":[{\"@type\":\"ReadAction\",\"target\":[\"https:\\\/\\\/zkeshop.sk\\\/en\\\/produkt\\\/medik-8-bakuchiol-peptides\\\/\"]}]},{\"@type\":\"ImageObject\",\"inLanguage\":\"en-US\",\"@id\":\"https:\\\/\\\/zkeshop.sk\\\/en\\\/produkt\\\/medik-8-bakuchiol-peptides\\\/#primaryimage\",\"url\":\"https:\\\/\\\/zkeshop.sk\\\/wp-content\\\/uploads\\\/2025\\\/01\\\/Copy-of-Bakuchiol-Peptides-B.png\",\"contentUrl\":\"https:\\\/\\\/zkeshop.sk\\\/wp-content\\\/uploads\\\/2025\\\/01\\\/Copy-of-Bakuchiol-Peptides-B.png\",\"width\":2000,\"height\":2000,\"caption\":\"BAKUCHIOL PEPTIDES omladzuje ple\u0165, vyhladzuje vr\u00e1sky a jemn\u00e9 ryhy, redukuje nadmern\u00fa pigment\u00e1ciu a p\u00f4sob\u00ed proti z\u00e1palom pleti a akn\u00e9.\"},{\"@type\":\"BreadcrumbList\",\"@id\":\"https:\\\/\\\/zkeshop.sk\\\/en\\\/produkt\\\/medik-8-bakuchiol-peptides\\\/#breadcrumb\",\"itemListElement\":[{\"@type\":\"ListItem\",\"position\":1,\"name\":\"Home\",\"item\":\"https:\\\/\\\/zkeshop.sk\\\/\"},{\"@type\":\"ListItem\",\"position\":2,\"name\":\"Shop\",\"item\":\"https:\\\/\\\/zkeshop.sk\\\/obchod\\\/\"},{\"@type\":\"ListItem\",\"position\":3,\"name\":\"Medik 8 Bakuchiol Peptides\"}]},{\"@type\":\"WebSite\",\"@id\":\"https:\\\/\\\/zkeshop.sk\\\/#website\",\"url\":\"https:\\\/\\\/zkeshop.sk\\\/\",\"name\":\"ZK company\",\"description\":\"Kvalitn\u00e1 kozmetika pre ka\u017edodenn\u00e9 pou\u017eitie\",\"potentialAction\":[{\"@type\":\"SearchAction\",\"target\":{\"@type\":\"EntryPoint\",\"urlTemplate\":\"https:\\\/\\\/zkeshop.sk\\\/?s={search_term_string}\"},\"query-input\":{\"@type\":\"PropertyValueSpecification\",\"valueRequired\":true,\"valueName\":\"search_term_string\"}}],\"inLanguage\":\"en-US\"}]}<\/script>\n<meta property=\"product:price:amount\" content=\"64.00\" \/>\n<meta property=\"product:price:currency\" content=\"EUR\" \/>\n<meta property=\"og:availability\" content=\"instock\" \/>\n<meta property=\"product:availability\" content=\"instock\" \/>\n<meta property=\"product:condition\" content=\"new\" \/>\n<!-- \/ Yoast SEO Premium plugin. -->","yoast_head_json":{"title":"Medik 8 Bakuchiol Peptides - ZK company","description":"BAKUCHIOL PEPTIDES rejuvenates the skin, smoothes wrinkles and fine lines, reduces excessive pigmentation and counteracts skin inflammation and acne.","robots":{"index":"index","follow":"follow","max-snippet":"max-snippet:-1","max-image-preview":"max-image-preview:large","max-video-preview":"max-video-preview:-1"},"canonical":"https:\/\/zkeshop.sk\/en\/produkt\/medik-8-bakuchiol-peptides\/","og_locale":"en_US","og_type":"article","og_title":"Medik 8 Bakuchiol Peptides","og_description":"BAKUCHIOL PEPTIDES rejuvenates the skin, smoothes wrinkles and fine lines, reduces excessive pigmentation and counteracts skin inflammation and acne.","og_url":"https:\/\/zkeshop.sk\/en\/produkt\/medik-8-bakuchiol-peptides\/","og_site_name":"ZK company","article_modified_time":"2025-06-26T10:14:31+00:00","og_image":[{"width":1024,"height":1024,"url":"https:\/\/zkeshop.sk\/wp-content\/uploads\/2025\/01\/Copy-of-Bakuchiol-Peptides-B-1024x1024.png","type":"image\/png"}],"twitter_card":"summary_large_image","twitter_misc":{"Price":"64,00&nbsp;&euro;","Availability":"In stock"},"schema":{"@context":"https:\/\/schema.org","@graph":[{"@type":"WebPage","@id":"https:\/\/zkeshop.sk\/en\/produkt\/medik-8-bakuchiol-peptides\/","url":"https:\/\/zkeshop.sk\/en\/produkt\/medik-8-bakuchiol-peptides\/","name":"Medik 8 Bakuchiol Peptides - ZK company","isPartOf":{"@id":"https:\/\/zkeshop.sk\/#website"},"primaryImageOfPage":{"@id":"https:\/\/zkeshop.sk\/en\/produkt\/medik-8-bakuchiol-peptides\/#primaryimage"},"image":{"@id":"https:\/\/zkeshop.sk\/en\/produkt\/medik-8-bakuchiol-peptides\/#primaryimage"},"thumbnailUrl":"https:\/\/zkeshop.sk\/wp-content\/uploads\/2025\/01\/Copy-of-Bakuchiol-Peptides-B.png","datePublished":"2025-02-18T09:20:25+00:00","dateModified":"2025-06-26T10:14:31+00:00","description":"BAKUCHIOL PEPTIDES rejuvenates the skin, smoothes wrinkles and fine lines, reduces excessive pigmentation and counteracts skin inflammation and acne.","breadcrumb":{"@id":"https:\/\/zkeshop.sk\/en\/produkt\/medik-8-bakuchiol-peptides\/#breadcrumb"},"inLanguage":"en-US","potentialAction":[{"@type":"ReadAction","target":["https:\/\/zkeshop.sk\/en\/produkt\/medik-8-bakuchiol-peptides\/"]}]},{"@type":"ImageObject","inLanguage":"en-US","@id":"https:\/\/zkeshop.sk\/en\/produkt\/medik-8-bakuchiol-peptides\/#primaryimage","url":"https:\/\/zkeshop.sk\/wp-content\/uploads\/2025\/01\/Copy-of-Bakuchiol-Peptides-B.png","contentUrl":"https:\/\/zkeshop.sk\/wp-content\/uploads\/2025\/01\/Copy-of-Bakuchiol-Peptides-B.png","width":2000,"height":2000,"caption":"BAKUCHIOL PEPTIDES omladzuje ple\u0165, vyhladzuje vr\u00e1sky a jemn\u00e9 ryhy, redukuje nadmern\u00fa pigment\u00e1ciu a p\u00f4sob\u00ed proti z\u00e1palom pleti a akn\u00e9."},{"@type":"BreadcrumbList","@id":"https:\/\/zkeshop.sk\/en\/produkt\/medik-8-bakuchiol-peptides\/#breadcrumb","itemListElement":[{"@type":"ListItem","position":1,"name":"Home","item":"https:\/\/zkeshop.sk\/"},{"@type":"ListItem","position":2,"name":"Shop","item":"https:\/\/zkeshop.sk\/obchod\/"},{"@type":"ListItem","position":3,"name":"Medik 8 Bakuchiol Peptides"}]},{"@type":"WebSite","@id":"https:\/\/zkeshop.sk\/#website","url":"https:\/\/zkeshop.sk\/","name":"ZK company","description":"Kvalitn\u00e1 kozmetika pre ka\u017edodenn\u00e9 pou\u017eitie","potentialAction":[{"@type":"SearchAction","target":{"@type":"EntryPoint","urlTemplate":"https:\/\/zkeshop.sk\/?s={search_term_string}"},"query-input":{"@type":"PropertyValueSpecification","valueRequired":true,"valueName":"search_term_string"}}],"inLanguage":"en-US"}]},"product_price_amount":"64.00","product_price_currency":"EUR","og_availability":"instock","product_availability":"instock","product_condition":"new"},"_links":{"self":[{"href":"https:\/\/zkeshop.sk\/en\/wp-json\/wp\/v2\/product\/15092","targetHints":{"allow":["GET"]}}],"collection":[{"href":"https:\/\/zkeshop.sk\/en\/wp-json\/wp\/v2\/product"}],"about":[{"href":"https:\/\/zkeshop.sk\/en\/wp-json\/wp\/v2\/types\/product"}],"replies":[{"embeddable":true,"href":"https:\/\/zkeshop.sk\/en\/wp-json\/wp\/v2\/comments?post=15092"}],"version-history":[{"count":0,"href":"https:\/\/zkeshop.sk\/en\/wp-json\/wp\/v2\/product\/15092\/revisions"}],"wp:featuredmedia":[{"embeddable":true,"href":"https:\/\/zkeshop.sk\/en\/wp-json\/wp\/v2\/media\/14334"}],"wp:attachment":[{"href":"https:\/\/zkeshop.sk\/en\/wp-json\/wp\/v2\/media?parent=15092"}],"wp:term":[{"taxonomy":"product_brand","embeddable":true,"href":"https:\/\/zkeshop.sk\/en\/wp-json\/wp\/v2\/product_brand?post=15092"},{"taxonomy":"product_cat","embeddable":true,"href":"https:\/\/zkeshop.sk\/en\/wp-json\/wp\/v2\/product_cat?post=15092"},{"taxonomy":"product_tag","embeddable":true,"href":"https:\/\/zkeshop.sk\/en\/wp-json\/wp\/v2\/product_tag?post=15092"}],"curies":[{"name":"wp","href":"https:\/\/api.w.org\/{rel}","templated":true}]}}