{"id":15093,"date":"2025-01-14T18:22:09","date_gmt":"2025-01-14T17:22:09","guid":{"rendered":"https:\/\/zkeshop.sk\/produkt\/medik-8-crystal-retinal-6\/"},"modified":"2025-05-06T14:48:50","modified_gmt":"2025-05-06T12:48:50","slug":"medik-8-crystal-retinal-6","status":"publish","type":"product","link":"https:\/\/zkeshop.sk\/en\/produkt\/medik-8-crystal-retinal-6\/","title":{"rendered":"Medik 8 Crystal Retinal 6"},"content":{"rendered":"<h5 class=\"eshop-product-detail__subtitle\">Serum with gradual release vitamin A technology<\/h5>\n<div class=\"eshop-product-detail__perex\">\n<p>Super powerful anti-wrinkle night serum with 0.06% retinaldehyde, which is even more effective than classic retinol. Aging skin gains youthful firmness, elasticity and brightness thanks to CRYSTAL RETINAL 6 <img decoding=\"async\" class=\"alignright\" src=\"https:\/\/www.annabrandejs.sk\/data\/produkty_nove2\/cba-umisteni_1.jpg\" \/><\/p>\n<\/div>\n<h2>Conversion is inevitable<\/h2>\n<p>Retinol is one of the most popular anti-wrinkle substances. It promotes collagen production and rejuvenates at the cellular level. However, in order for it to act in this way, it must be converted in the body into retinaldehyde and, in the next step, into retinoic acid.<\/p>\n<h5 class=\"eshop-product-detail__subtitle\"><span style=\"color: #333333;\">In 2018, CRYSTAL RETINAL 6 won the Cosmopolitan magazine award for the best anti-aging product. In 2024, CRYSTAL RETINAL 6 became the best serum in the Cosmopolitan Beauty Awards! <\/span><\/h5>\n<h2>Anti-wrinkle night serum<\/h2>\n<p>CRYSTAL RETINAL 6 Night Serum contains retinaldehyde directly, so it is only one step away from having a direct effect on skin cells, not two as in the case of retinol. Meet the next generation of skincare based on vitamin A content, developed by scientists at the University of Hertfordshire. Within just one month of regular use, skin is visibly rejuvenated with renewed contours and a radiant appearance.<\/p>\n<h2>Rejuvenation in just 4 weeks<\/h2>\n<ul>\n<li>\n<h5 class=\"eshop-product-detail__subtitle\"><img loading=\"lazy\" decoding=\"async\" class=\" wp-image-14377 alignright\" src=\"https:\/\/zkeshop.sk\/wp-content\/uploads\/2025\/01\/Copy-of-Crystal-Retinal-1-Usage-1-300x300.jpg\" alt=\"\" width=\"347\" height=\"347\" srcset=\"https:\/\/zkeshop.sk\/wp-content\/uploads\/2025\/01\/Copy-of-Crystal-Retinal-1-Usage-1-300x300.jpg 300w, https:\/\/zkeshop.sk\/wp-content\/uploads\/2025\/01\/Copy-of-Crystal-Retinal-1-Usage-1-1024x1024.jpg 1024w, https:\/\/zkeshop.sk\/wp-content\/uploads\/2025\/01\/Copy-of-Crystal-Retinal-1-Usage-1-150x150.jpg 150w, https:\/\/zkeshop.sk\/wp-content\/uploads\/2025\/01\/Copy-of-Crystal-Retinal-1-Usage-1-768x768.jpg 768w, https:\/\/zkeshop.sk\/wp-content\/uploads\/2025\/01\/Copy-of-Crystal-Retinal-1-Usage-1-1536x1536.jpg 1536w, https:\/\/zkeshop.sk\/wp-content\/uploads\/2025\/01\/Copy-of-Crystal-Retinal-1-Usage-1-400x400.jpg 400w, https:\/\/zkeshop.sk\/wp-content\/uploads\/2025\/01\/Copy-of-Crystal-Retinal-1-Usage-1-600x600.jpg 600w, https:\/\/zkeshop.sk\/wp-content\/uploads\/2025\/01\/Copy-of-Crystal-Retinal-1-Usage-1-1200x1200.jpg 1200w, https:\/\/zkeshop.sk\/wp-content\/uploads\/2025\/01\/Copy-of-Crystal-Retinal-1-Usage-1.jpg 2000w\" sizes=\"auto, (max-width: 347px) 100vw, 347px\" \/><\/h5>\n<p>Acts in synergy with the skin&#8217;s own regenerative mechanisms<\/li>\n<li>Increases its own collagen production<\/li>\n<li>Accelerates skin cell renewal<\/li>\n<\/ul>\n<h2>Better than retinol<\/h2>\n<ul>\n<li>One-step conversion to retinoic acid<\/li>\n<li>11x faster rejuvenation than classic retinol<\/li>\n<li>2.8 times more biologically active than retinol<\/li>\n<li>Ideal when the benefits of conventional retinol application are no longer visible<\/li>\n<li>To the skin yet similarly gentle as standard forms of retinol<\/li>\n<\/ul>\n<h2>A range of products with increasing concentration<\/h2>\n<p>CRYSTAL RETINAL is a night serum from Medik8 with retinaldehyde as the main active ingredient. At the same time, it is also a complete product line with four different concentrations of this active ingredient.<\/p>\n<ul>\n<li>CRYSTAL RETINAL 1 with 0.01% retinal suitable for youthful problematic or hypersensitive skin<\/li>\n<li>CRYSTAL RETINAL 3 with 0.03% retinal suitable for those who have no experience with retinoids<\/li>\n<li>CRYSTAL RETINAL 6 with 0.06% retinal is suitable for skin accustomed to retinoid application that wants to benefit from a higher concentration of retinoids<\/li>\n<li>CRYSTAL RETINAL 10 with 0.1% retinal is the strongest retinal serum suitable for mature skin with visible signs of aging<\/li>\n<\/ul>\n<h2>Results comparable to prescription vitamin A<\/h2>\n<ul>\n<li>Firms the skin and its contours<\/li>\n<li>Adds the missing volume to the skin<\/li>\n<li>Visibly minimizes fine lines and wrinkles<\/li>\n<li>Unifies skin tone<\/li>\n<li>Restores the skin&#8217;s surface and adds brightness<\/li>\n<li>Improves UV-damaged skin<\/li>\n<\/ul>\n<h2>Relief from the feeling of tension<\/h2>\n<ul>\n<li>Contains hyaluronic acid and vitamin E to moisturize all skin layers, in addition to strengthening the protective barrier that locks moisture in the skin for a long time<\/li>\n<li>The light, silky formula lends the skin a luxurious feel<\/li>\n<li>Does not burden the skin<\/li>\n<\/ul>\n<h2>Supports the effect of cosmetic treatments<\/h2>\n<ul>\n<li>Microneedling (mesotherapy)<\/li>\n<li>Chemical peeling<\/li>\n<li>Enzymatic peeling<\/li>\n<li>Laser rejuvenation<\/li>\n<li>Dermabrasion<\/li>\n<li>Microdermabrasion<\/li>\n<\/ul>\n<h2>STOP for pimples<\/h2>\n<ul>\n<li>Acts directly against Propionibacterium acnes bacteria, which are the cause of acne<\/li>\n<li>Promotes healthy looking skin without rashes and imperfections<\/li>\n<\/ul>\n<h2>Do not be afraid of irritation<\/h2>\n<ul>\n<li>Patented retinaldehyde gradual release system<\/li>\n<li>Retinaldehyde is additionally encapsulated in a crystalline transport agent<\/li>\n<\/ul>\n<h2>Retinal (Retinaldehyde)<\/h2>\n<p>An effective vitamin A derivative that can act up to 11 times faster than conventional forms of retinol, yet remains just as gentle on the skin. Reduces the P. acnes bacteria responsible for pimples and other acne symptoms. Visibly improves the appearance of fine lines and wrinkles, skin texture and evens skin tone.<\/p>\n<h2>Duo for hydration<\/h2>\n<p><strong>Hyaluronic Acid:<\/strong><br \/>\nA highly effective ingredient that locks moisture in the skin, promoting balanced hydration and skin elasticity. It can hold up to a thousand times its own weight in water.<\/p>\n<p><strong>Glycerin:<\/strong><br \/>\nOne of the skin&#8217;s natural moisturizing factors and an effective humectant that promotes the functioning of the skin&#8217;s natural barrier and prevents transepidermal water loss.<\/p>\n<h2>Essential antioxidation<\/h2>\n<p><strong>Vitamin C:<\/strong><br \/>\nAn antioxidant that neutralizes free radicals that form in the skin due to UV rays, thus combating the appearance of visible signs of skin aging and excessive pigmentation<\/p>\n<p><strong>Vitamin E:<\/strong><br \/>\nA powerful free radical neutralizing antioxidant that stimulates skin hydration and rejuvenation. Together with vitamin C, it acts synergistically and increases its antioxidant effect.<\/p>\n<h2>Night care for three months<\/h2>\n<ul>\n<li>After evening cleansing, apply a small amount to the skin and d\u00e9collet\u00e9 before applying a traditional moisturizer. As with retinol products, apply gradually and allow the skin to get used to it. Apply twice a week for the first two weeks and every other day for the following two weeks. After a month, you can apply daily.<\/li>\n<li>30 ml pack for up to 100 applications<\/li>\n<li>In case of pregnancy or breastfeeding, consult a doctor for use.<\/li>\n<\/ul>\n<h2>Protect your skin from UV rays<\/h2>\n<p>Don&#8217;t forget to apply a daily UV protection product, which you should continue for a week after the CRYSTAL RETINAL application. The retinaldehyde contained may increase the skin&#8217;s sensitivity to the sun&#8217;s rays.<\/p>\n<p>Please note: Products containing vitamin A are not suitable for pregnant or breastfeeding women.<\/p>\n","protected":false},"excerpt":{"rendered":"<h5 class=\"eshop-product-detail__subtitle\">Serum with gradual release vitamin A technology<\/h5>\n<div class=\"eshop-product-detail__perex\">\n<p>Super powerful anti-wrinkle night serum with 0.06% retinaldehyde, which is even more effective than classic retinol. Aging skin gains youthful firmness, elasticity and brightness thanks to CRYSTAL RETINAL 6.<\/p>\n<\/div>\n","protected":false},"featured_media":14373,"comment_status":"open","ping_status":"closed","template":"","meta":[],"product_brand":[],"product_cat":[207,187,74,201,186],"product_tag":[160],"class_list":{"0":"post-15093","1":"product","2":"type-product","3":"status-publish","4":"has-post-thumbnail","6":"product_cat-day","7":"product_cat-dry-skin","8":"product_cat-face-creams","9":"product_cat-medik8-en","10":"product_cat-normal-skin","11":"product_tag-medik8-en","13":"first","14":"instock","15":"taxable","16":"shipping-taxable","17":"purchasable","18":"product-type-simple"},"yoast_head":"<!-- This site is optimized with the Yoast SEO Premium plugin v27.3 (Yoast SEO v27.3) - https:\/\/yoast.com\/product\/yoast-seo-premium-wordpress\/ -->\n<title>Medik 8 Crystal Retinal 6 - ZK company<\/title>\n<meta name=\"description\" content=\"Super powerful anti-wrinkle night serum with 0.06% retinaldehyde. Aging skin gains youthful firmness, elasticity and brightness thanks to CRYSTAL RETINAL 6.\" \/>\n<meta name=\"robots\" content=\"index, follow, max-snippet:-1, max-image-preview:large, max-video-preview:-1\" \/>\n<link rel=\"canonical\" href=\"https:\/\/zkeshop.sk\/en\/produkt\/medik-8-crystal-retinal-6\/\" \/>\n<meta property=\"og:locale\" content=\"en_US\" \/>\n<meta property=\"og:type\" content=\"article\" \/>\n<meta property=\"og:title\" content=\"Medik 8 Crystal Retinal 6\" \/>\n<meta property=\"og:description\" content=\"Super powerful anti-wrinkle night serum with 0.06% retinaldehyde. Aging skin gains youthful firmness, elasticity and brightness thanks to CRYSTAL RETINAL 6.\" \/>\n<meta property=\"og:url\" content=\"https:\/\/zkeshop.sk\/en\/produkt\/medik-8-crystal-retinal-6\/\" \/>\n<meta property=\"og:site_name\" content=\"ZK company\" \/>\n<meta property=\"article:modified_time\" content=\"2025-05-06T12:48:50+00:00\" \/>\n<meta property=\"og:image\" content=\"https:\/\/zkeshop.sk\/wp-content\/uploads\/2025\/01\/Copy-of-Crystal-Retinal-6-B-1024x1024.png\" \/>\n\t<meta property=\"og:image:width\" content=\"1024\" \/>\n\t<meta property=\"og:image:height\" content=\"1024\" \/>\n\t<meta property=\"og:image:type\" content=\"image\/png\" \/>\n<meta name=\"twitter:card\" content=\"summary_large_image\" \/>\n<meta name=\"twitter:label1\" content=\"Price\" \/>\n\t<meta name=\"twitter:data1\" content=\"81,00&nbsp;&euro;\" \/>\n\t<meta name=\"twitter:label2\" content=\"Availability\" \/>\n\t<meta name=\"twitter:data2\" content=\"In stock\" \/>\n<script type=\"application\/ld+json\" class=\"yoast-schema-graph\">{\"@context\":\"https:\\\/\\\/schema.org\",\"@graph\":[{\"@type\":\"WebPage\",\"@id\":\"https:\\\/\\\/zkeshop.sk\\\/en\\\/produkt\\\/medik-8-crystal-retinal-6\\\/\",\"url\":\"https:\\\/\\\/zkeshop.sk\\\/en\\\/produkt\\\/medik-8-crystal-retinal-6\\\/\",\"name\":\"Medik 8 Crystal Retinal 6 - ZK company\",\"isPartOf\":{\"@id\":\"https:\\\/\\\/zkeshop.sk\\\/#website\"},\"primaryImageOfPage\":{\"@id\":\"https:\\\/\\\/zkeshop.sk\\\/en\\\/produkt\\\/medik-8-crystal-retinal-6\\\/#primaryimage\"},\"image\":{\"@id\":\"https:\\\/\\\/zkeshop.sk\\\/en\\\/produkt\\\/medik-8-crystal-retinal-6\\\/#primaryimage\"},\"thumbnailUrl\":\"https:\\\/\\\/zkeshop.sk\\\/wp-content\\\/uploads\\\/2025\\\/01\\\/Copy-of-Crystal-Retinal-6-B.png\",\"datePublished\":\"2025-01-14T17:22:09+00:00\",\"dateModified\":\"2025-05-06T12:48:50+00:00\",\"description\":\"Super powerful anti-wrinkle night serum with 0.06% retinaldehyde. Aging skin gains youthful firmness, elasticity and brightness thanks to CRYSTAL RETINAL 6.\",\"breadcrumb\":{\"@id\":\"https:\\\/\\\/zkeshop.sk\\\/en\\\/produkt\\\/medik-8-crystal-retinal-6\\\/#breadcrumb\"},\"inLanguage\":\"en-US\",\"potentialAction\":[{\"@type\":\"ReadAction\",\"target\":[\"https:\\\/\\\/zkeshop.sk\\\/en\\\/produkt\\\/medik-8-crystal-retinal-6\\\/\"]}]},{\"@type\":\"ImageObject\",\"inLanguage\":\"en-US\",\"@id\":\"https:\\\/\\\/zkeshop.sk\\\/en\\\/produkt\\\/medik-8-crystal-retinal-6\\\/#primaryimage\",\"url\":\"https:\\\/\\\/zkeshop.sk\\\/wp-content\\\/uploads\\\/2025\\\/01\\\/Copy-of-Crystal-Retinal-6-B.png\",\"contentUrl\":\"https:\\\/\\\/zkeshop.sk\\\/wp-content\\\/uploads\\\/2025\\\/01\\\/Copy-of-Crystal-Retinal-6-B.png\",\"width\":2000,\"height\":2000,\"caption\":\"Super siln\u00e9 no\u010dn\u00e9 s\u00e9rum proti vr\u00e1skam s 0,06% retinaldehydu. Starn\u00faca ple\u0165 v\u010faka CRYSTAL RETINAL 6 z\u00edska mladistv\u00fa pevnos\u0165, pru\u017enos\u0165 a jas.\"},{\"@type\":\"BreadcrumbList\",\"@id\":\"https:\\\/\\\/zkeshop.sk\\\/en\\\/produkt\\\/medik-8-crystal-retinal-6\\\/#breadcrumb\",\"itemListElement\":[{\"@type\":\"ListItem\",\"position\":1,\"name\":\"Home\",\"item\":\"https:\\\/\\\/zkeshop.sk\\\/\"},{\"@type\":\"ListItem\",\"position\":2,\"name\":\"Shop\",\"item\":\"https:\\\/\\\/zkeshop.sk\\\/obchod\\\/\"},{\"@type\":\"ListItem\",\"position\":3,\"name\":\"Medik 8 Crystal Retinal 6\"}]},{\"@type\":\"WebSite\",\"@id\":\"https:\\\/\\\/zkeshop.sk\\\/#website\",\"url\":\"https:\\\/\\\/zkeshop.sk\\\/\",\"name\":\"ZK company\",\"description\":\"Kvalitn\u00e1 kozmetika pre ka\u017edodenn\u00e9 pou\u017eitie\",\"potentialAction\":[{\"@type\":\"SearchAction\",\"target\":{\"@type\":\"EntryPoint\",\"urlTemplate\":\"https:\\\/\\\/zkeshop.sk\\\/?s={search_term_string}\"},\"query-input\":{\"@type\":\"PropertyValueSpecification\",\"valueRequired\":true,\"valueName\":\"search_term_string\"}}],\"inLanguage\":\"en-US\"}]}<\/script>\n<meta property=\"product:price:amount\" content=\"81.00\" \/>\n<meta property=\"product:price:currency\" content=\"EUR\" \/>\n<meta property=\"og:availability\" content=\"instock\" \/>\n<meta property=\"product:availability\" content=\"instock\" \/>\n<meta property=\"product:condition\" content=\"new\" \/>\n<!-- \/ Yoast SEO Premium plugin. -->","yoast_head_json":{"title":"Medik 8 Crystal Retinal 6 - ZK company","description":"Super powerful anti-wrinkle night serum with 0.06% retinaldehyde. Aging skin gains youthful firmness, elasticity and brightness thanks to CRYSTAL RETINAL 6.","robots":{"index":"index","follow":"follow","max-snippet":"max-snippet:-1","max-image-preview":"max-image-preview:large","max-video-preview":"max-video-preview:-1"},"canonical":"https:\/\/zkeshop.sk\/en\/produkt\/medik-8-crystal-retinal-6\/","og_locale":"en_US","og_type":"article","og_title":"Medik 8 Crystal Retinal 6","og_description":"Super powerful anti-wrinkle night serum with 0.06% retinaldehyde. Aging skin gains youthful firmness, elasticity and brightness thanks to CRYSTAL RETINAL 6.","og_url":"https:\/\/zkeshop.sk\/en\/produkt\/medik-8-crystal-retinal-6\/","og_site_name":"ZK company","article_modified_time":"2025-05-06T12:48:50+00:00","og_image":[{"width":1024,"height":1024,"url":"https:\/\/zkeshop.sk\/wp-content\/uploads\/2025\/01\/Copy-of-Crystal-Retinal-6-B-1024x1024.png","type":"image\/png"}],"twitter_card":"summary_large_image","twitter_misc":{"Price":"81,00&nbsp;&euro;","Availability":"In stock"},"schema":{"@context":"https:\/\/schema.org","@graph":[{"@type":"WebPage","@id":"https:\/\/zkeshop.sk\/en\/produkt\/medik-8-crystal-retinal-6\/","url":"https:\/\/zkeshop.sk\/en\/produkt\/medik-8-crystal-retinal-6\/","name":"Medik 8 Crystal Retinal 6 - ZK company","isPartOf":{"@id":"https:\/\/zkeshop.sk\/#website"},"primaryImageOfPage":{"@id":"https:\/\/zkeshop.sk\/en\/produkt\/medik-8-crystal-retinal-6\/#primaryimage"},"image":{"@id":"https:\/\/zkeshop.sk\/en\/produkt\/medik-8-crystal-retinal-6\/#primaryimage"},"thumbnailUrl":"https:\/\/zkeshop.sk\/wp-content\/uploads\/2025\/01\/Copy-of-Crystal-Retinal-6-B.png","datePublished":"2025-01-14T17:22:09+00:00","dateModified":"2025-05-06T12:48:50+00:00","description":"Super powerful anti-wrinkle night serum with 0.06% retinaldehyde. Aging skin gains youthful firmness, elasticity and brightness thanks to CRYSTAL RETINAL 6.","breadcrumb":{"@id":"https:\/\/zkeshop.sk\/en\/produkt\/medik-8-crystal-retinal-6\/#breadcrumb"},"inLanguage":"en-US","potentialAction":[{"@type":"ReadAction","target":["https:\/\/zkeshop.sk\/en\/produkt\/medik-8-crystal-retinal-6\/"]}]},{"@type":"ImageObject","inLanguage":"en-US","@id":"https:\/\/zkeshop.sk\/en\/produkt\/medik-8-crystal-retinal-6\/#primaryimage","url":"https:\/\/zkeshop.sk\/wp-content\/uploads\/2025\/01\/Copy-of-Crystal-Retinal-6-B.png","contentUrl":"https:\/\/zkeshop.sk\/wp-content\/uploads\/2025\/01\/Copy-of-Crystal-Retinal-6-B.png","width":2000,"height":2000,"caption":"Super siln\u00e9 no\u010dn\u00e9 s\u00e9rum proti vr\u00e1skam s 0,06% retinaldehydu. Starn\u00faca ple\u0165 v\u010faka CRYSTAL RETINAL 6 z\u00edska mladistv\u00fa pevnos\u0165, pru\u017enos\u0165 a jas."},{"@type":"BreadcrumbList","@id":"https:\/\/zkeshop.sk\/en\/produkt\/medik-8-crystal-retinal-6\/#breadcrumb","itemListElement":[{"@type":"ListItem","position":1,"name":"Home","item":"https:\/\/zkeshop.sk\/"},{"@type":"ListItem","position":2,"name":"Shop","item":"https:\/\/zkeshop.sk\/obchod\/"},{"@type":"ListItem","position":3,"name":"Medik 8 Crystal Retinal 6"}]},{"@type":"WebSite","@id":"https:\/\/zkeshop.sk\/#website","url":"https:\/\/zkeshop.sk\/","name":"ZK company","description":"Kvalitn\u00e1 kozmetika pre ka\u017edodenn\u00e9 pou\u017eitie","potentialAction":[{"@type":"SearchAction","target":{"@type":"EntryPoint","urlTemplate":"https:\/\/zkeshop.sk\/?s={search_term_string}"},"query-input":{"@type":"PropertyValueSpecification","valueRequired":true,"valueName":"search_term_string"}}],"inLanguage":"en-US"}]},"product_price_amount":"81.00","product_price_currency":"EUR","og_availability":"instock","product_availability":"instock","product_condition":"new"},"_links":{"self":[{"href":"https:\/\/zkeshop.sk\/en\/wp-json\/wp\/v2\/product\/15093","targetHints":{"allow":["GET"]}}],"collection":[{"href":"https:\/\/zkeshop.sk\/en\/wp-json\/wp\/v2\/product"}],"about":[{"href":"https:\/\/zkeshop.sk\/en\/wp-json\/wp\/v2\/types\/product"}],"replies":[{"embeddable":true,"href":"https:\/\/zkeshop.sk\/en\/wp-json\/wp\/v2\/comments?post=15093"}],"version-history":[{"count":0,"href":"https:\/\/zkeshop.sk\/en\/wp-json\/wp\/v2\/product\/15093\/revisions"}],"wp:featuredmedia":[{"embeddable":true,"href":"https:\/\/zkeshop.sk\/en\/wp-json\/wp\/v2\/media\/14373"}],"wp:attachment":[{"href":"https:\/\/zkeshop.sk\/en\/wp-json\/wp\/v2\/media?parent=15093"}],"wp:term":[{"taxonomy":"product_brand","embeddable":true,"href":"https:\/\/zkeshop.sk\/en\/wp-json\/wp\/v2\/product_brand?post=15093"},{"taxonomy":"product_cat","embeddable":true,"href":"https:\/\/zkeshop.sk\/en\/wp-json\/wp\/v2\/product_cat?post=15093"},{"taxonomy":"product_tag","embeddable":true,"href":"https:\/\/zkeshop.sk\/en\/wp-json\/wp\/v2\/product_tag?post=15093"}],"curies":[{"name":"wp","href":"https:\/\/api.w.org\/{rel}","templated":true}]}}