{"id":15094,"date":"2025-01-14T18:23:05","date_gmt":"2025-01-14T17:23:05","guid":{"rendered":"https:\/\/zkeshop.sk\/produkt\/medik-8-c-tetra-serum\/"},"modified":"2025-09-03T19:51:11","modified_gmt":"2025-09-03T17:51:11","slug":"medik-8-c-tetra-serum","status":"publish","type":"product","link":"https:\/\/zkeshop.sk\/en\/produkt\/medik-8-c-tetra-serum\/","title":{"rendered":"Medik 8 C-Tetra serum"},"content":{"rendered":"<h5 class=\"eshop-product-detail__subtitle\">Antioxidant serum containing lipid vitamin C<\/h5>\n<div class=\"eshop-product-detail__perex\">\n<p>Antioxidant serum with vitamin C and vitamin E C-TETRA protects the skin against ageing and reduces visible signs of ageing such as wrinkles, fine lines, contour lines or excessive pigmentation. It also reduces skin redness, unifies skin tone and improves skin texture. It is also ideal as part of CSA&#8217;s anti-wrinkle philosophy.<\/p>\n<h2>Antioxidation of the skin<img decoding=\"async\" class=\"alignright\" src=\"https:\/\/www.annabrandejs.sk\/data\/produkty_nove2\/cba-umisteni_2.jpg\" \/><\/h2>\n<p>Restore youthful radiance and fight the visible signs of ageing with C-TETRA, a lightweight serum that contains a network of <a href=\"https:\/\/www.annabrandejs.sk\/slovnik-pojmov\/antioxidanty-a1905\">antioxidants<\/a> in the form of <a href=\"https:\/\/www.annabrandejs.sk\/slovnik-pojmov\/vitamin-c-a2553\">vitamin C<\/a> and <a href=\"https:\/\/www.annabrandejs.sk\/slovnik-pojmov\/vitamin-e-a2554\">vitamin E<\/a>. Together, these protect the skin against <a href=\"https:\/\/www.annabrandejs.sk\/slovnik-pojmov\/volne-radikaly-a1948\">free radicals<\/a>, particles with high energy potential that damage <a href=\"https:\/\/www.annabrandejs.sk\/slovnik-pojmov\/kolagen-a1947\">collagen<\/a>, the skin&#8217;s natural building block. As a result, skin ageing and its visible manifestations then occur.<\/p>\n<h2>Collagen against wrinkles<\/h2>\n<p>The lightweight formula stimulates the production of collagen and <a href=\"https:\/\/www.annabrandejs.sk\/slovnik-pojmov\/elastin-a2070\">elastin<\/a>, helping to reduce fine lines and wrinkles and firm the skin, in addition to brightening and even skin tone. The fat-soluble form of vitamin C, called tetrahexyldecyl ascorbate, is able to penetrate deep into the skin, where it exerts its antioxidant action with minimal irritation.<\/p>\n<h2>How to get rid of pigmentation<\/h2>\n<p><img loading=\"lazy\" decoding=\"async\" class=\"size-medium wp-image-14500 alignright\" src=\"https:\/\/zkeshop.sk\/wp-content\/uploads\/2025\/01\/Copy-of-C-Tetra-Lifestyle-300x300.jpg\" alt=\"\" width=\"300\" height=\"300\" srcset=\"https:\/\/zkeshop.sk\/wp-content\/uploads\/2025\/01\/Copy-of-C-Tetra-Lifestyle-300x300.jpg 300w, https:\/\/zkeshop.sk\/wp-content\/uploads\/2025\/01\/Copy-of-C-Tetra-Lifestyle-1024x1024.jpg 1024w, https:\/\/zkeshop.sk\/wp-content\/uploads\/2025\/01\/Copy-of-C-Tetra-Lifestyle-150x150.jpg 150w, https:\/\/zkeshop.sk\/wp-content\/uploads\/2025\/01\/Copy-of-C-Tetra-Lifestyle-768x768.jpg 768w, https:\/\/zkeshop.sk\/wp-content\/uploads\/2025\/01\/Copy-of-C-Tetra-Lifestyle-1536x1536.jpg 1536w, https:\/\/zkeshop.sk\/wp-content\/uploads\/2025\/01\/Copy-of-C-Tetra-Lifestyle-400x400.jpg 400w, https:\/\/zkeshop.sk\/wp-content\/uploads\/2025\/01\/Copy-of-C-Tetra-Lifestyle-600x600.jpg 600w, https:\/\/zkeshop.sk\/wp-content\/uploads\/2025\/01\/Copy-of-C-Tetra-Lifestyle-1200x1200.jpg 1200w, https:\/\/zkeshop.sk\/wp-content\/uploads\/2025\/01\/Copy-of-C-Tetra-Lifestyle.jpg 2000w\" sizes=\"auto, (max-width: 300px) 100vw, 300px\" \/>Vitamin C inhibits the production of the skin pigment <a href=\"https:\/\/www.annabrandejs.sk\/slovnik-pojmov\/melanin-a2072\">melanin<\/a>, responsible for age spots and excessive pigmentation, through its action on the activity of the enzyme tyrosinase. As a result, the C-TETRA serum lightens <a href=\"https:\/\/www.annabrandejs.sk\/slovnik-pojmov\/hyperpigmentacia-a2071\">hyperpigmentation<\/a> and brightens the skin overall.<\/p>\n<h2>100% stable serum with vitamin C<\/h2>\n<p>C-TETRA serum does not contain any water, making it 100% stable. You can be sure that the vitamin C does not degrade during the consumption of the product. The serum therefore remains highly effective &#8211; from the first to the last drop!<\/p>\n<h2>Rejuvenation with CSA<\/h2>\n<p>C-TETRA is enriched with nourishing nourishing oils whose effect is enhanced by the rejuvenating effect of vitamin C. The serum is quickly absorbed and is ideal for anti-aging care as part of CSA&#8217;s anti-wrinkle philosophy of using vitamin C, sun protection and <a href=\"https:\/\/www.annabrandejs.sk\/slovnik-pojmov\/vitamin-a-a2552\">vitamin A<\/a>. Learn more about this philosophy, which promises to<\/p>\n<p>if you start it at thirty, at fifty you&#8217;ll look forty, you&#8217;ll read in an article on CSA philosophy.<\/p>\n<h2>Strengthens the skin against UV rays<\/h2>\n<ul>\n<li>Promotes skin protection from ultraviolet rays<\/li>\n<li>Prevents <a href=\"https:\/\/www.annabrandejs.sk\/slovnik-pojmov\/predcasne-starnutie-pleti-a2077\">premature aging of the skin<\/a> due to exposure to sunlight<\/li>\n<li>Protects the skin against free radicals and <a href=\"https:\/\/www.annabrandejs.sk\/slovnik-pojmov\/oxidacny-stres-a2187\">oxidative stress<\/a><\/li>\n<li>Relieves skin inflammation and <a href=\"https:\/\/www.annabrandejs.sk\/slovnik-pojmov\/erytem-a2035\">erythema<\/a> induced by exposure <a href=\"https:\/\/www.annabrandejs.sk\/slovnik-pojmov\/ultrafialove-ziarenie-uv-a2075\">to ultraviolet radiation<\/a><\/li>\n<\/ul>\n<h2>Improves the appearance of the skin<\/h2>\n<ul>\n<li>Gives the skin a radiant look, evens out its colour tone<\/li>\n<li>Skin is supple, radiant and sufficiently hydrated after application<\/li>\n<li>Promotes skin firming and reduction of minor wrinkles and fine lines by stimulating elastin and collagen synthesis<\/li>\n<li>Provides active protection against the formation of fine lines and wrinkles<\/li>\n<\/ul>\n<h2>Completely safe, yet effective<\/h2>\n<ul>\n<li>It has anti-inflammatory, soothing and calming effects on the skin<\/li>\n<li>Does not dry, cause increased sensitivity or irritation<img loading=\"lazy\" decoding=\"async\" class=\" wp-image-14506 alignright\" src=\"https:\/\/zkeshop.sk\/wp-content\/uploads\/2025\/01\/Copy-of-C-Tetra-Usage-300x300.jpg\" alt=\"\" width=\"357\" height=\"357\" srcset=\"https:\/\/zkeshop.sk\/wp-content\/uploads\/2025\/01\/Copy-of-C-Tetra-Usage-300x300.jpg 300w, https:\/\/zkeshop.sk\/wp-content\/uploads\/2025\/01\/Copy-of-C-Tetra-Usage-1024x1024.jpg 1024w, https:\/\/zkeshop.sk\/wp-content\/uploads\/2025\/01\/Copy-of-C-Tetra-Usage-150x150.jpg 150w, https:\/\/zkeshop.sk\/wp-content\/uploads\/2025\/01\/Copy-of-C-Tetra-Usage-768x768.jpg 768w, https:\/\/zkeshop.sk\/wp-content\/uploads\/2025\/01\/Copy-of-C-Tetra-Usage-1536x1536.jpg 1536w, https:\/\/zkeshop.sk\/wp-content\/uploads\/2025\/01\/Copy-of-C-Tetra-Usage-400x400.jpg 400w, https:\/\/zkeshop.sk\/wp-content\/uploads\/2025\/01\/Copy-of-C-Tetra-Usage-600x600.jpg 600w, https:\/\/zkeshop.sk\/wp-content\/uploads\/2025\/01\/Copy-of-C-Tetra-Usage-1200x1200.jpg 1200w, https:\/\/zkeshop.sk\/wp-content\/uploads\/2025\/01\/Copy-of-C-Tetra-Usage.jpg 2000w\" sizes=\"auto, (max-width: 357px) 100vw, 357px\" \/><\/li>\n<li>It has a light and non-greasy composition<\/li>\n<li>Does not aggravate <a href=\"https:\/\/www.annabrandejs.sk\/slovnik-pojmov\/akne-a1903\">acne<\/a> and does not cause <a href=\"https:\/\/www.annabrandejs.sk\/slovnik-pojmov\/komedony-a2201\">comedones<\/a>, does not clog pores<\/li>\n<li>Unperfumed, contains no <a href=\"https:\/\/www.annabrandejs.sk\/slovnik-pojmov\/parabeny-a1946\">parabens<\/a> or preservatives, has a self-preserving formula<\/li>\n<li>Without petrochemicals<\/li>\n<li>It is also safe for application under the eyes<\/li>\n<\/ul>\n<h2>The power of vitamin C and vitamin E<\/h2>\n<p><strong>Tetrahexyldecyl ascorbate (7%):<\/strong><br \/>\nA new lipid-soluble derivative of vitamin C, with four times the potency of equivalent <a href=\"https:\/\/www.annabrandejs.sk\/slovnik-pojmov\/kyselina-askorbova-a2109\">L-ascorbic acid<\/a>. Provides exceptional antioxidant protection to the skin and stimulates collagen production.<\/p>\n<p><strong>D-alpha tocopherol (natural vitamin E) (1.0%):<\/strong><br \/>\nA fat-soluble antioxidant that helps protect the skin from free radical damage and acts as an antioxidant in synergy with vitamin C.<\/p>\n<h2>3 ways to use C-TETRA<\/h2>\n<ul>\n<li>Use every day to slow down the skin aging process<\/li>\n<li>Prepare the skin for peeling procedures<\/li>\n<li>Take care of the skin after chemical peeling, laser skin smoothing and after dermabrasion, C-TETRA will accelerate the regeneration processes and strengthen the results of the treatment<\/li>\n<\/ul>\n<h2>Morning ritual with the scent of citrus<\/h2>\n<ul>\n<li>C-TETRA serum is intended for direct application on the face. In the morning after cleansing, apply 3-4 drops directly to the skin and spread evenly over the entire face, neck and d\u00e9collet\u00e9. You can also drop a drop of the product on your finger and massage it into the skin. Allow to absorb for 2 &#8211; 3 minutes.<\/li>\n<li>The pleasant scent of sweet oranges is just the thing to make your morning skincare routine more pleasant. The serum is quickly absorbed and leaves the skin soft and radiant.<\/li>\n<li>30 ml pack lasts approx. 100 applications, i.e. more than 3 months<\/li>\n<\/ul>\n<\/div>\n","protected":false},"excerpt":{"rendered":"<h5 class=\"eshop-product-detail__subtitle\">Antioxidant serum containing lipid vitamin C<\/h5>\n<div class=\"eshop-product-detail__perex\">\n<p>Antioxidant serum with vitamin C and vitamin E C-TETRA protects the skin against ageing and reduces visible signs of ageing such as wrinkles, fine lines, contour lines or excessive pigmentation. It also reduces skin redness, unifies skin tone and improves skin texture. It is also ideal as part of CSA&#8217;s anti-wrinkle philosophy.<\/p>\n<\/div>\n","protected":false},"featured_media":14499,"comment_status":"open","ping_status":"closed","template":"","meta":[],"product_brand":[],"product_cat":[207,187,184,74,201,186,182,180],"product_tag":[169,160],"class_list":{"0":"post-15094","1":"product","2":"type-product","3":"status-publish","4":"has-post-thumbnail","6":"product_cat-day","7":"product_cat-dry-skin","8":"product_cat-excessive-pigmentation","9":"product_cat-face-creams","10":"product_cat-medik8-en","11":"product_cat-normal-skin","12":"product_cat-oily-skin","13":"product_cat-sensitive-skin","14":"product_tag-20-en","15":"product_tag-medik8-en","17":"first","18":"instock","19":"taxable","20":"shipping-taxable","21":"purchasable","22":"product-type-simple"},"yoast_head":"<!-- This site is optimized with the Yoast SEO Premium plugin v27.3 (Yoast SEO v27.3) - https:\/\/yoast.com\/product\/yoast-seo-premium-wordpress\/ -->\n<title>Medik 8 C-Tetra serum - ZK company<\/title>\n<meta name=\"description\" content=\"Serum with vitamin C-TETRA protects the skin from aging and reduces the visible signs of aging, wrinkles, fine lines or excessive pigmentation.\" \/>\n<meta name=\"robots\" content=\"index, follow, max-snippet:-1, max-image-preview:large, max-video-preview:-1\" \/>\n<link rel=\"canonical\" href=\"https:\/\/zkeshop.sk\/en\/produkt\/medik-8-c-tetra-serum\/\" \/>\n<meta property=\"og:locale\" content=\"en_US\" \/>\n<meta property=\"og:type\" content=\"article\" \/>\n<meta property=\"og:title\" content=\"Medik 8 C-Tetra serum\" \/>\n<meta property=\"og:description\" content=\"Serum with vitamin C-TETRA protects the skin from aging and reduces the visible signs of aging, wrinkles, fine lines or excessive pigmentation.\" \/>\n<meta property=\"og:url\" content=\"https:\/\/zkeshop.sk\/en\/produkt\/medik-8-c-tetra-serum\/\" \/>\n<meta property=\"og:site_name\" content=\"ZK company\" \/>\n<meta property=\"article:modified_time\" content=\"2025-09-03T17:51:11+00:00\" \/>\n<meta property=\"og:image\" content=\"https:\/\/zkeshop.sk\/wp-content\/uploads\/2025\/01\/Copy-of-C-Tetra-B-1024x1024.png\" \/>\n\t<meta property=\"og:image:width\" content=\"1024\" \/>\n\t<meta property=\"og:image:height\" content=\"1024\" \/>\n\t<meta property=\"og:image:type\" content=\"image\/png\" \/>\n<meta name=\"twitter:card\" content=\"summary_large_image\" \/>\n<meta name=\"twitter:label1\" content=\"Price\" \/>\n\t<meta name=\"twitter:data1\" content=\"46,00&nbsp;&euro;\" \/>\n\t<meta name=\"twitter:label2\" content=\"Availability\" \/>\n\t<meta name=\"twitter:data2\" content=\"In stock\" \/>\n<script type=\"application\/ld+json\" class=\"yoast-schema-graph\">{\"@context\":\"https:\\\/\\\/schema.org\",\"@graph\":[{\"@type\":\"WebPage\",\"@id\":\"https:\\\/\\\/zkeshop.sk\\\/en\\\/produkt\\\/medik-8-c-tetra-serum\\\/\",\"url\":\"https:\\\/\\\/zkeshop.sk\\\/en\\\/produkt\\\/medik-8-c-tetra-serum\\\/\",\"name\":\"Medik 8 C-Tetra serum - ZK company\",\"isPartOf\":{\"@id\":\"https:\\\/\\\/zkeshop.sk\\\/#website\"},\"primaryImageOfPage\":{\"@id\":\"https:\\\/\\\/zkeshop.sk\\\/en\\\/produkt\\\/medik-8-c-tetra-serum\\\/#primaryimage\"},\"image\":{\"@id\":\"https:\\\/\\\/zkeshop.sk\\\/en\\\/produkt\\\/medik-8-c-tetra-serum\\\/#primaryimage\"},\"thumbnailUrl\":\"https:\\\/\\\/zkeshop.sk\\\/wp-content\\\/uploads\\\/2025\\\/01\\\/Copy-of-C-Tetra-B.png\",\"datePublished\":\"2025-01-14T17:23:05+00:00\",\"dateModified\":\"2025-09-03T17:51:11+00:00\",\"description\":\"Serum with vitamin C-TETRA protects the skin from aging and reduces the visible signs of aging, wrinkles, fine lines or excessive pigmentation.\",\"breadcrumb\":{\"@id\":\"https:\\\/\\\/zkeshop.sk\\\/en\\\/produkt\\\/medik-8-c-tetra-serum\\\/#breadcrumb\"},\"inLanguage\":\"en-US\",\"potentialAction\":[{\"@type\":\"ReadAction\",\"target\":[\"https:\\\/\\\/zkeshop.sk\\\/en\\\/produkt\\\/medik-8-c-tetra-serum\\\/\"]}]},{\"@type\":\"ImageObject\",\"inLanguage\":\"en-US\",\"@id\":\"https:\\\/\\\/zkeshop.sk\\\/en\\\/produkt\\\/medik-8-c-tetra-serum\\\/#primaryimage\",\"url\":\"https:\\\/\\\/zkeshop.sk\\\/wp-content\\\/uploads\\\/2025\\\/01\\\/Copy-of-C-Tetra-B.png\",\"contentUrl\":\"https:\\\/\\\/zkeshop.sk\\\/wp-content\\\/uploads\\\/2025\\\/01\\\/Copy-of-C-Tetra-B.png\",\"width\":2000,\"height\":2000},{\"@type\":\"BreadcrumbList\",\"@id\":\"https:\\\/\\\/zkeshop.sk\\\/en\\\/produkt\\\/medik-8-c-tetra-serum\\\/#breadcrumb\",\"itemListElement\":[{\"@type\":\"ListItem\",\"position\":1,\"name\":\"Home\",\"item\":\"https:\\\/\\\/zkeshop.sk\\\/\"},{\"@type\":\"ListItem\",\"position\":2,\"name\":\"Shop\",\"item\":\"https:\\\/\\\/zkeshop.sk\\\/obchod\\\/\"},{\"@type\":\"ListItem\",\"position\":3,\"name\":\"Medik 8 C-Tetra serum\"}]},{\"@type\":\"WebSite\",\"@id\":\"https:\\\/\\\/zkeshop.sk\\\/#website\",\"url\":\"https:\\\/\\\/zkeshop.sk\\\/\",\"name\":\"ZK company\",\"description\":\"Kvalitn\u00e1 kozmetika pre ka\u017edodenn\u00e9 pou\u017eitie\",\"potentialAction\":[{\"@type\":\"SearchAction\",\"target\":{\"@type\":\"EntryPoint\",\"urlTemplate\":\"https:\\\/\\\/zkeshop.sk\\\/?s={search_term_string}\"},\"query-input\":{\"@type\":\"PropertyValueSpecification\",\"valueRequired\":true,\"valueName\":\"search_term_string\"}}],\"inLanguage\":\"en-US\"}]}<\/script>\n<meta property=\"product:price:amount\" content=\"46.00\" \/>\n<meta property=\"product:price:currency\" content=\"EUR\" \/>\n<meta property=\"og:availability\" content=\"instock\" \/>\n<meta property=\"product:availability\" content=\"instock\" \/>\n<meta property=\"product:condition\" content=\"new\" \/>\n<!-- \/ Yoast SEO Premium plugin. -->","yoast_head_json":{"title":"Medik 8 C-Tetra serum - ZK company","description":"Serum with vitamin C-TETRA protects the skin from aging and reduces the visible signs of aging, wrinkles, fine lines or excessive pigmentation.","robots":{"index":"index","follow":"follow","max-snippet":"max-snippet:-1","max-image-preview":"max-image-preview:large","max-video-preview":"max-video-preview:-1"},"canonical":"https:\/\/zkeshop.sk\/en\/produkt\/medik-8-c-tetra-serum\/","og_locale":"en_US","og_type":"article","og_title":"Medik 8 C-Tetra serum","og_description":"Serum with vitamin C-TETRA protects the skin from aging and reduces the visible signs of aging, wrinkles, fine lines or excessive pigmentation.","og_url":"https:\/\/zkeshop.sk\/en\/produkt\/medik-8-c-tetra-serum\/","og_site_name":"ZK company","article_modified_time":"2025-09-03T17:51:11+00:00","og_image":[{"width":1024,"height":1024,"url":"https:\/\/zkeshop.sk\/wp-content\/uploads\/2025\/01\/Copy-of-C-Tetra-B-1024x1024.png","type":"image\/png"}],"twitter_card":"summary_large_image","twitter_misc":{"Price":"46,00&nbsp;&euro;","Availability":"In stock"},"schema":{"@context":"https:\/\/schema.org","@graph":[{"@type":"WebPage","@id":"https:\/\/zkeshop.sk\/en\/produkt\/medik-8-c-tetra-serum\/","url":"https:\/\/zkeshop.sk\/en\/produkt\/medik-8-c-tetra-serum\/","name":"Medik 8 C-Tetra serum - ZK company","isPartOf":{"@id":"https:\/\/zkeshop.sk\/#website"},"primaryImageOfPage":{"@id":"https:\/\/zkeshop.sk\/en\/produkt\/medik-8-c-tetra-serum\/#primaryimage"},"image":{"@id":"https:\/\/zkeshop.sk\/en\/produkt\/medik-8-c-tetra-serum\/#primaryimage"},"thumbnailUrl":"https:\/\/zkeshop.sk\/wp-content\/uploads\/2025\/01\/Copy-of-C-Tetra-B.png","datePublished":"2025-01-14T17:23:05+00:00","dateModified":"2025-09-03T17:51:11+00:00","description":"Serum with vitamin C-TETRA protects the skin from aging and reduces the visible signs of aging, wrinkles, fine lines or excessive pigmentation.","breadcrumb":{"@id":"https:\/\/zkeshop.sk\/en\/produkt\/medik-8-c-tetra-serum\/#breadcrumb"},"inLanguage":"en-US","potentialAction":[{"@type":"ReadAction","target":["https:\/\/zkeshop.sk\/en\/produkt\/medik-8-c-tetra-serum\/"]}]},{"@type":"ImageObject","inLanguage":"en-US","@id":"https:\/\/zkeshop.sk\/en\/produkt\/medik-8-c-tetra-serum\/#primaryimage","url":"https:\/\/zkeshop.sk\/wp-content\/uploads\/2025\/01\/Copy-of-C-Tetra-B.png","contentUrl":"https:\/\/zkeshop.sk\/wp-content\/uploads\/2025\/01\/Copy-of-C-Tetra-B.png","width":2000,"height":2000},{"@type":"BreadcrumbList","@id":"https:\/\/zkeshop.sk\/en\/produkt\/medik-8-c-tetra-serum\/#breadcrumb","itemListElement":[{"@type":"ListItem","position":1,"name":"Home","item":"https:\/\/zkeshop.sk\/"},{"@type":"ListItem","position":2,"name":"Shop","item":"https:\/\/zkeshop.sk\/obchod\/"},{"@type":"ListItem","position":3,"name":"Medik 8 C-Tetra serum"}]},{"@type":"WebSite","@id":"https:\/\/zkeshop.sk\/#website","url":"https:\/\/zkeshop.sk\/","name":"ZK company","description":"Kvalitn\u00e1 kozmetika pre ka\u017edodenn\u00e9 pou\u017eitie","potentialAction":[{"@type":"SearchAction","target":{"@type":"EntryPoint","urlTemplate":"https:\/\/zkeshop.sk\/?s={search_term_string}"},"query-input":{"@type":"PropertyValueSpecification","valueRequired":true,"valueName":"search_term_string"}}],"inLanguage":"en-US"}]},"product_price_amount":"46.00","product_price_currency":"EUR","og_availability":"instock","product_availability":"instock","product_condition":"new"},"_links":{"self":[{"href":"https:\/\/zkeshop.sk\/en\/wp-json\/wp\/v2\/product\/15094","targetHints":{"allow":["GET"]}}],"collection":[{"href":"https:\/\/zkeshop.sk\/en\/wp-json\/wp\/v2\/product"}],"about":[{"href":"https:\/\/zkeshop.sk\/en\/wp-json\/wp\/v2\/types\/product"}],"replies":[{"embeddable":true,"href":"https:\/\/zkeshop.sk\/en\/wp-json\/wp\/v2\/comments?post=15094"}],"version-history":[{"count":0,"href":"https:\/\/zkeshop.sk\/en\/wp-json\/wp\/v2\/product\/15094\/revisions"}],"wp:featuredmedia":[{"embeddable":true,"href":"https:\/\/zkeshop.sk\/en\/wp-json\/wp\/v2\/media\/14499"}],"wp:attachment":[{"href":"https:\/\/zkeshop.sk\/en\/wp-json\/wp\/v2\/media?parent=15094"}],"wp:term":[{"taxonomy":"product_brand","embeddable":true,"href":"https:\/\/zkeshop.sk\/en\/wp-json\/wp\/v2\/product_brand?post=15094"},{"taxonomy":"product_cat","embeddable":true,"href":"https:\/\/zkeshop.sk\/en\/wp-json\/wp\/v2\/product_cat?post=15094"},{"taxonomy":"product_tag","embeddable":true,"href":"https:\/\/zkeshop.sk\/en\/wp-json\/wp\/v2\/product_tag?post=15094"}],"curies":[{"name":"wp","href":"https:\/\/api.w.org\/{rel}","templated":true}]}}