{"id":15100,"date":"2025-01-14T18:23:00","date_gmt":"2025-01-14T17:23:00","guid":{"rendered":"https:\/\/zkeshop.sk\/produkt\/medik-8-surface-radiance-cleanse\/"},"modified":"2025-05-05T23:09:10","modified_gmt":"2025-05-05T21:09:10","slug":"medik-8-surface-radiance-cleanse","status":"publish","type":"product","link":"https:\/\/zkeshop.sk\/en\/produkt\/medik-8-surface-radiance-cleanse\/","title":{"rendered":"Medik 8 Surface Radiance Cleanse"},"content":{"rendered":"<h5 class=\"eshop-product-detail__subtitle\">Cleansing gel with mangosteen and AHA\/BHA acids for skin renewal<\/h5>\n<div class=\"eshop-product-detail__perex\">\n<p>A refreshing cleansing product that gently renews the skin&#8217;s surface thanks to a complex of exfoliation-promoting agents, ridding you of enlarged pores and purifying your skin. It will also remove the first signs of ageing in problematic skin. After application, the skin is softened, radiant and purified without feeling dry or tight. Enjoy the dual exfoliating power of AHA and BHA acids and citrus and mangosteen extracts.<\/p>\n<h2>2in1: Cleansing and skin rejuvenation<\/h2>\n<p>SURFACE RADIANCE CLEANSE will rid your oily skin of its main problems, while delaying the visible signs of aging. AHA and BHA acids work together and have a dual effect: removing impurities and smoothing fine lines. SURFACE RADIANCE CLEANSE was developed especially to deep cleanse pores and restore daily exfoliation. It contains L-almond, salicylic and lactic acid.<\/p>\n<h2>Hydration of the skin<\/h2>\n<p>SURFACE RADIANCE CLEANSE additionally contains glycerin, which prevents transepidermal water loss and improves the functioning of the protective skin barrier. It also helps to reduce the dry skin sensations after cleansing that can sometimes result from the application of AHAs and BHAs.<\/p>\n<h2>Antioxidation<\/h2>\n<p>SURFACE RADIANCE CLEANSE contains a range of antioxidants thanks to a large number of natural extracts, including sweet orange oil, raspberry and yucca extract, and of course mangosteen, which contains a large amount of vitamin C and is therefore literally packed with antioxidants. These protect the skin from free radical damage.<\/p>\n<h2>Gets rid of blackheads<\/h2>\n<ul>\n<li>Deeply cleanses pores &#8211; dirt, sebum and make-up<\/li>\n<li>Thoroughly rids the skin of excess sebum, dirt and bacteria<\/li>\n<li>Cleans oily skin and comedones<\/li>\n<\/ul>\n<h2>Alpha and beta-hydroxy acids against wrinkles<\/h2>\n<ul>\n<li>Provides daily recommended AHA and BHA exfoliation<\/li>\n<li>Helps achieve optimal skin hydration and pH<\/li>\n<\/ul>\n<h2>Ideal for oily and combination skin<\/h2>\n<ul>\n<li>Contains effective but very gentle ingredients<\/li>\n<li>Free of parabens, sulfates, soaps and other irritants<\/li>\n<li>Deeply cleanses the skin without drying it out<\/li>\n<\/ul>\n<h2>The power of 3 mild acids to promote exfoliation<\/h2>\n<p><strong>L-Mandelic Acid:<\/strong><br \/>\nA mild AHA acid, known for its ability to exfoliate and deep cleanse the skin<\/p>\n<p><strong>Salicylic acid:<\/strong><br \/>\nBHA acid, which also contributes to exfoliation and has an anti-inflammatory effect.<\/p>\n<p><strong>L-Lactic Acid:<\/strong><br \/>\nAHA acid, which moisturizes the skin, also contributes to exfoliation.<\/p>\n<p><strong>Glycerin:<\/strong><br \/>\nNaturally moisturizes the skin. Strengthens the protective skin barrier and also reduces transepidermal water loss.<\/p>\n<p><strong>Mangosteen Extract:<\/strong><br \/>\nMangosteen is a fruit rich in antioxidants that protect the skin from free radicals. These can trigger the process of premature skin aging. In addition, it is also anti-inflammatory.<\/p>\n<h2>Every day or as an additional cleaning<\/h2>\n<ul>\n<li>SURFACE RADIANCE CLEANSE can be used in two ways. Either as part of the Medik8 cleansing skincare routine, when you cleanse your skin with it twice a day. For more sensitive or dry skin, then use SURFACE RADIANCE CLEANSE as a supplementary cleanser about once every three days.<\/li>\n<li>Apply a small amount of cleansing gel into the palm of your hand and massage onto damp face and neck. Then rinse thoroughly, pat face dry and continue with the next care steps.<\/li>\n<li>The 150 ml pack lasts up to 100 applications.<\/li>\n<li>Shelf life after opening is 30 months.<\/li>\n<\/ul>\n<\/div>\n","protected":false},"excerpt":{"rendered":"<p>A refreshing cleansing product that gently renews the skin&#8217;s surface thanks to a complex of exfoliation-promoting agents, ridding you of enlarged pores and purifying your skin. It will also remove the first signs of ageing in problematic skin. After application, the skin is softened, radiant and purified without feeling dry or tight. Enjoy the dual exfoliating power of AHA and BHA acids and citrus and mangosteen extracts.<\/p>\n","protected":false},"featured_media":14475,"comment_status":"open","ping_status":"closed","template":"","meta":[],"product_brand":[],"product_cat":[178,207,74,201,209,182,180],"product_tag":[160],"class_list":{"0":"post-15100","1":"product","2":"type-product","3":"status-publish","4":"has-post-thumbnail","6":"product_cat-acne-prone-skin","7":"product_cat-day","8":"product_cat-face-creams","9":"product_cat-medik8-en","10":"product_cat-night","11":"product_cat-oily-skin","12":"product_cat-sensitive-skin","13":"product_tag-medik8-en","15":"first","16":"instock","17":"taxable","18":"shipping-taxable","19":"purchasable","20":"product-type-simple"},"yoast_head":"<!-- This site is optimized with the Yoast SEO Premium plugin v27.3 (Yoast SEO v27.3) - https:\/\/yoast.com\/product\/yoast-seo-premium-wordpress\/ -->\n<title>Medik 8 Surface Radiance Cleanse - ZK company<\/title>\n<meta name=\"description\" content=\"A refreshing cleansing product that, thanks to a complex of exfoliating agents, gets rid of enlarged pores while gently cleansing your skin.\" \/>\n<meta name=\"robots\" content=\"index, follow, max-snippet:-1, max-image-preview:large, max-video-preview:-1\" \/>\n<link rel=\"canonical\" href=\"https:\/\/zkeshop.sk\/en\/produkt\/medik-8-surface-radiance-cleanse\/\" \/>\n<meta property=\"og:locale\" content=\"en_US\" \/>\n<meta property=\"og:type\" content=\"article\" \/>\n<meta property=\"og:title\" content=\"Medik 8 Surface Radiance Cleanse\" \/>\n<meta property=\"og:description\" content=\"A refreshing cleansing product that, thanks to a complex of exfoliating agents, gets rid of enlarged pores while gently cleansing your skin.\" \/>\n<meta property=\"og:url\" content=\"https:\/\/zkeshop.sk\/en\/produkt\/medik-8-surface-radiance-cleanse\/\" \/>\n<meta property=\"og:site_name\" content=\"ZK company\" \/>\n<meta property=\"article:modified_time\" content=\"2025-05-05T21:09:10+00:00\" \/>\n<meta property=\"og:image\" content=\"https:\/\/zkeshop.sk\/wp-content\/uploads\/2025\/01\/Copy-of-Surface-Radiance-Cleanse-A.png\" \/>\n\t<meta property=\"og:image:width\" content=\"2000\" \/>\n\t<meta property=\"og:image:height\" content=\"2000\" \/>\n\t<meta property=\"og:image:type\" content=\"image\/png\" \/>\n<meta name=\"twitter:card\" content=\"summary_large_image\" \/>\n<meta name=\"twitter:label1\" content=\"Price\" \/>\n\t<meta name=\"twitter:data1\" content=\"27,00&nbsp;&euro;\" \/>\n\t<meta name=\"twitter:label2\" content=\"Availability\" \/>\n\t<meta name=\"twitter:data2\" content=\"In stock\" \/>\n<script type=\"application\/ld+json\" class=\"yoast-schema-graph\">{\"@context\":\"https:\\\/\\\/schema.org\",\"@graph\":[{\"@type\":\"WebPage\",\"@id\":\"https:\\\/\\\/zkeshop.sk\\\/en\\\/produkt\\\/medik-8-surface-radiance-cleanse\\\/\",\"url\":\"https:\\\/\\\/zkeshop.sk\\\/en\\\/produkt\\\/medik-8-surface-radiance-cleanse\\\/\",\"name\":\"Medik 8 Surface Radiance Cleanse - ZK company\",\"isPartOf\":{\"@id\":\"https:\\\/\\\/zkeshop.sk\\\/#website\"},\"primaryImageOfPage\":{\"@id\":\"https:\\\/\\\/zkeshop.sk\\\/en\\\/produkt\\\/medik-8-surface-radiance-cleanse\\\/#primaryimage\"},\"image\":{\"@id\":\"https:\\\/\\\/zkeshop.sk\\\/en\\\/produkt\\\/medik-8-surface-radiance-cleanse\\\/#primaryimage\"},\"thumbnailUrl\":\"https:\\\/\\\/zkeshop.sk\\\/wp-content\\\/uploads\\\/2025\\\/01\\\/Copy-of-Surface-Radiance-Cleanse-A.png\",\"datePublished\":\"2025-01-14T17:23:00+00:00\",\"dateModified\":\"2025-05-05T21:09:10+00:00\",\"description\":\"A refreshing cleansing product that, thanks to a complex of exfoliating agents, gets rid of enlarged pores while gently cleansing your skin.\",\"breadcrumb\":{\"@id\":\"https:\\\/\\\/zkeshop.sk\\\/en\\\/produkt\\\/medik-8-surface-radiance-cleanse\\\/#breadcrumb\"},\"inLanguage\":\"en-US\",\"potentialAction\":[{\"@type\":\"ReadAction\",\"target\":[\"https:\\\/\\\/zkeshop.sk\\\/en\\\/produkt\\\/medik-8-surface-radiance-cleanse\\\/\"]}]},{\"@type\":\"ImageObject\",\"inLanguage\":\"en-US\",\"@id\":\"https:\\\/\\\/zkeshop.sk\\\/en\\\/produkt\\\/medik-8-surface-radiance-cleanse\\\/#primaryimage\",\"url\":\"https:\\\/\\\/zkeshop.sk\\\/wp-content\\\/uploads\\\/2025\\\/01\\\/Copy-of-Surface-Radiance-Cleanse-A.png\",\"contentUrl\":\"https:\\\/\\\/zkeshop.sk\\\/wp-content\\\/uploads\\\/2025\\\/01\\\/Copy-of-Surface-Radiance-Cleanse-A.png\",\"width\":2000,\"height\":2000,\"caption\":\"Osvie\u017euj\u00faci \u010distiaci produkt, ktor\u00fd v\u010faka komplexu l\u00e1tok podporuj\u00facich exfoli\u00e1ciu, zbav\u00ed va\u0161u ple\u0165 roz\u0161\u00edren\u00fdch p\u00f3rov a z\u00e1rove\u0148 ju jemne vy\u010dist\u00ed.\"},{\"@type\":\"BreadcrumbList\",\"@id\":\"https:\\\/\\\/zkeshop.sk\\\/en\\\/produkt\\\/medik-8-surface-radiance-cleanse\\\/#breadcrumb\",\"itemListElement\":[{\"@type\":\"ListItem\",\"position\":1,\"name\":\"Home\",\"item\":\"https:\\\/\\\/zkeshop.sk\\\/\"},{\"@type\":\"ListItem\",\"position\":2,\"name\":\"Shop\",\"item\":\"https:\\\/\\\/zkeshop.sk\\\/obchod\\\/\"},{\"@type\":\"ListItem\",\"position\":3,\"name\":\"Medik 8 Surface Radiance Cleanse\"}]},{\"@type\":\"WebSite\",\"@id\":\"https:\\\/\\\/zkeshop.sk\\\/#website\",\"url\":\"https:\\\/\\\/zkeshop.sk\\\/\",\"name\":\"ZK company\",\"description\":\"Kvalitn\u00e1 kozmetika pre ka\u017edodenn\u00e9 pou\u017eitie\",\"potentialAction\":[{\"@type\":\"SearchAction\",\"target\":{\"@type\":\"EntryPoint\",\"urlTemplate\":\"https:\\\/\\\/zkeshop.sk\\\/?s={search_term_string}\"},\"query-input\":{\"@type\":\"PropertyValueSpecification\",\"valueRequired\":true,\"valueName\":\"search_term_string\"}}],\"inLanguage\":\"en-US\"}]}<\/script>\n<meta property=\"product:price:amount\" content=\"27.00\" \/>\n<meta property=\"product:price:currency\" content=\"EUR\" \/>\n<meta property=\"og:availability\" content=\"instock\" \/>\n<meta property=\"product:availability\" content=\"instock\" \/>\n<meta property=\"product:condition\" content=\"new\" \/>\n<!-- \/ Yoast SEO Premium plugin. -->","yoast_head_json":{"title":"Medik 8 Surface Radiance Cleanse - ZK company","description":"A refreshing cleansing product that, thanks to a complex of exfoliating agents, gets rid of enlarged pores while gently cleansing your skin.","robots":{"index":"index","follow":"follow","max-snippet":"max-snippet:-1","max-image-preview":"max-image-preview:large","max-video-preview":"max-video-preview:-1"},"canonical":"https:\/\/zkeshop.sk\/en\/produkt\/medik-8-surface-radiance-cleanse\/","og_locale":"en_US","og_type":"article","og_title":"Medik 8 Surface Radiance Cleanse","og_description":"A refreshing cleansing product that, thanks to a complex of exfoliating agents, gets rid of enlarged pores while gently cleansing your skin.","og_url":"https:\/\/zkeshop.sk\/en\/produkt\/medik-8-surface-radiance-cleanse\/","og_site_name":"ZK company","article_modified_time":"2025-05-05T21:09:10+00:00","og_image":[{"width":2000,"height":2000,"url":"https:\/\/zkeshop.sk\/wp-content\/uploads\/2025\/01\/Copy-of-Surface-Radiance-Cleanse-A.png","type":"image\/png"}],"twitter_card":"summary_large_image","twitter_misc":{"Price":"27,00&nbsp;&euro;","Availability":"In stock"},"schema":{"@context":"https:\/\/schema.org","@graph":[{"@type":"WebPage","@id":"https:\/\/zkeshop.sk\/en\/produkt\/medik-8-surface-radiance-cleanse\/","url":"https:\/\/zkeshop.sk\/en\/produkt\/medik-8-surface-radiance-cleanse\/","name":"Medik 8 Surface Radiance Cleanse - ZK company","isPartOf":{"@id":"https:\/\/zkeshop.sk\/#website"},"primaryImageOfPage":{"@id":"https:\/\/zkeshop.sk\/en\/produkt\/medik-8-surface-radiance-cleanse\/#primaryimage"},"image":{"@id":"https:\/\/zkeshop.sk\/en\/produkt\/medik-8-surface-radiance-cleanse\/#primaryimage"},"thumbnailUrl":"https:\/\/zkeshop.sk\/wp-content\/uploads\/2025\/01\/Copy-of-Surface-Radiance-Cleanse-A.png","datePublished":"2025-01-14T17:23:00+00:00","dateModified":"2025-05-05T21:09:10+00:00","description":"A refreshing cleansing product that, thanks to a complex of exfoliating agents, gets rid of enlarged pores while gently cleansing your skin.","breadcrumb":{"@id":"https:\/\/zkeshop.sk\/en\/produkt\/medik-8-surface-radiance-cleanse\/#breadcrumb"},"inLanguage":"en-US","potentialAction":[{"@type":"ReadAction","target":["https:\/\/zkeshop.sk\/en\/produkt\/medik-8-surface-radiance-cleanse\/"]}]},{"@type":"ImageObject","inLanguage":"en-US","@id":"https:\/\/zkeshop.sk\/en\/produkt\/medik-8-surface-radiance-cleanse\/#primaryimage","url":"https:\/\/zkeshop.sk\/wp-content\/uploads\/2025\/01\/Copy-of-Surface-Radiance-Cleanse-A.png","contentUrl":"https:\/\/zkeshop.sk\/wp-content\/uploads\/2025\/01\/Copy-of-Surface-Radiance-Cleanse-A.png","width":2000,"height":2000,"caption":"Osvie\u017euj\u00faci \u010distiaci produkt, ktor\u00fd v\u010faka komplexu l\u00e1tok podporuj\u00facich exfoli\u00e1ciu, zbav\u00ed va\u0161u ple\u0165 roz\u0161\u00edren\u00fdch p\u00f3rov a z\u00e1rove\u0148 ju jemne vy\u010dist\u00ed."},{"@type":"BreadcrumbList","@id":"https:\/\/zkeshop.sk\/en\/produkt\/medik-8-surface-radiance-cleanse\/#breadcrumb","itemListElement":[{"@type":"ListItem","position":1,"name":"Home","item":"https:\/\/zkeshop.sk\/"},{"@type":"ListItem","position":2,"name":"Shop","item":"https:\/\/zkeshop.sk\/obchod\/"},{"@type":"ListItem","position":3,"name":"Medik 8 Surface Radiance Cleanse"}]},{"@type":"WebSite","@id":"https:\/\/zkeshop.sk\/#website","url":"https:\/\/zkeshop.sk\/","name":"ZK company","description":"Kvalitn\u00e1 kozmetika pre ka\u017edodenn\u00e9 pou\u017eitie","potentialAction":[{"@type":"SearchAction","target":{"@type":"EntryPoint","urlTemplate":"https:\/\/zkeshop.sk\/?s={search_term_string}"},"query-input":{"@type":"PropertyValueSpecification","valueRequired":true,"valueName":"search_term_string"}}],"inLanguage":"en-US"}]},"product_price_amount":"27.00","product_price_currency":"EUR","og_availability":"instock","product_availability":"instock","product_condition":"new"},"_links":{"self":[{"href":"https:\/\/zkeshop.sk\/en\/wp-json\/wp\/v2\/product\/15100","targetHints":{"allow":["GET"]}}],"collection":[{"href":"https:\/\/zkeshop.sk\/en\/wp-json\/wp\/v2\/product"}],"about":[{"href":"https:\/\/zkeshop.sk\/en\/wp-json\/wp\/v2\/types\/product"}],"replies":[{"embeddable":true,"href":"https:\/\/zkeshop.sk\/en\/wp-json\/wp\/v2\/comments?post=15100"}],"version-history":[{"count":0,"href":"https:\/\/zkeshop.sk\/en\/wp-json\/wp\/v2\/product\/15100\/revisions"}],"wp:featuredmedia":[{"embeddable":true,"href":"https:\/\/zkeshop.sk\/en\/wp-json\/wp\/v2\/media\/14475"}],"wp:attachment":[{"href":"https:\/\/zkeshop.sk\/en\/wp-json\/wp\/v2\/media?parent=15100"}],"wp:term":[{"taxonomy":"product_brand","embeddable":true,"href":"https:\/\/zkeshop.sk\/en\/wp-json\/wp\/v2\/product_brand?post=15100"},{"taxonomy":"product_cat","embeddable":true,"href":"https:\/\/zkeshop.sk\/en\/wp-json\/wp\/v2\/product_cat?post=15100"},{"taxonomy":"product_tag","embeddable":true,"href":"https:\/\/zkeshop.sk\/en\/wp-json\/wp\/v2\/product_tag?post=15100"}],"curies":[{"name":"wp","href":"https:\/\/api.w.org\/{rel}","templated":true}]}}