{"id":8710,"date":"2017-06-22T09:11:07","date_gmt":"2017-06-22T07:11:07","guid":{"rendered":"https:\/\/zkeshop.sk\/produkt\/eames-plastic-side-chair\/"},"modified":"2025-01-15T16:37:34","modified_gmt":"2025-01-15T15:37:34","slug":"exactme-moisturizer-low-molecular-acid-ha-argan-oil-50ml","status":"publish","type":"product","link":"https:\/\/zkeshop.sk\/en\/produkt\/exactme-moisturizer-low-molecular-acid-ha-argan-oil-50ml\/","title":{"rendered":"ExactME &#8211; Moisturizer \/ Low Molecular Acid HA \/ Argan Oil 50ml"},"content":{"rendered":"<div class=\"wpb-content-wrapper\"><p>[vc_row gap=&#8221;35&#8243; mobile_bg_img_hidden=&#8221;no&#8221; tablet_bg_img_hidden=&#8221;no&#8221; woodmart_parallax=&#8221;0&#8243; woodmart_gradient_switch=&#8221;no&#8221; row_reverse_mobile=&#8221;0&#8243; row_reverse_tablet=&#8221;0&#8243; woodmart_disable_overflow=&#8221;0&#8243;][vc_column][vc_column_text css_animation=&#8221;bottom-to-top&#8221; woodmart_inline=&#8221;no&#8221; text_larger=&#8221;no&#8221;]It contains nourishing argan oil and squalane to help keep skin hydrated and promote skin fullness and softness. Natural vitamin E is an excellent antioxidant. Moisturizing glycerin and moisturizing betaine, a naturally derived moisturizing component, also protect skin cells from drying out. It also contains the clinically proven active ingredient, Hyaluronic Acid with a very low molecular weight, which according to clinical studies can penetrate to the lower layers of the skin and helps to reduce wrinkles, improve skin texture, and improve skin barrier function.<\/p>\n<p>&nbsp;<\/p>\n<p><strong>BENEFITS<\/strong><\/p>\n<ul>\n<li>Cream for everyday use<\/li>\n<li>Use morning and evening<\/li>\n<li>Light formula<\/li>\n<li>Ideal for all skin types<\/li>\n<li>Up to 92% more Hydrated skin after regular use<\/li>\n<\/ul>\n<p><strong>How to use\u00a0<\/strong><\/p>\n<ul>\n<li>Use morning and evening on thoroughly exfoliated and cleansed skin, always in step before ExactYOU serum<\/li>\n<li>To increase the effect, we recommend combining with ExactYOU serum<\/li>\n<li>Never mix the cream with the serum<\/li>\n<li>Spread by gently massaging into the skin<\/li>\n<li>In case of contact with the eyes, rinse thoroughly with plenty of water<\/li>\n<li>Store at a temperature of 20 &#8211; 25 \u00b0C out of the reach of children<\/li>\n<\/ul>\n<p><strong>Before applying the cream:<\/strong><br \/>\nThoroughly exfoliate the skin before applying the cream (exfoliation + cleansing + toning). Then apply the ExactYOU serum after the cream has been absorbed into the skin.<\/p>\n<p>&nbsp;<\/p>\n<p>[\/vc_column_text][\/vc_column][\/vc_row][vc_row css=&#8221;.vc_custom_1630323009259{padding-top: 3% !important;padding-bottom: 3% !important;}&#8221; mobile_bg_img_hidden=&#8221;no&#8221; tablet_bg_img_hidden=&#8221;no&#8221; woodmart_parallax=&#8221;0&#8243; woodmart_gradient_switch=&#8221;no&#8221; row_reverse_mobile=&#8221;0&#8243; row_reverse_tablet=&#8221;0&#8243; woodmart_disable_overflow=&#8221;0&#8243;][vc_column][vc_column_text css_animation=&#8221;bottom-to-top&#8221; woodmart_inline=&#8221;no&#8221; text_larger=&#8221;no&#8221;]<\/p>\n<p><strong>Ingredients:<\/strong> Aqua, Betaine, Glycerin, Hydrogenated Ethylhexyl Olivate, Hydrogenated Olive Oil Unsaponifiables, Cetearyl Alcohol, Glyceryl Stearate, Jojoba Esters, Helianthus Annuus Seed Wax, Sodium Stearoyl Glutamate, Polyglycerin-3, Squalane, Argania Spinosa Kernel Oil, Xylitylglucoside, Anhydroxylitol, Xylitol, Phenoxyethanol, Brassicyl Isoleucinate Esylate, Brassica Alcohol, Sodium Hyaluronate, Tocopherol, Parfum, Beta-Sitosterol, Squalene, Ethylhexylglycerin.<\/p>\n<p>[\/vc_column_text][\/vc_column][\/vc_row]<\/p>\n<\/div>","protected":false},"excerpt":{"rendered":"<p>It is a light moisturizer with a pleasant texture and scent that, when applied to the skin, is quickly absorbed and leaves the skin velvety soft and supple.<\/p>\n","protected":false},"featured_media":8927,"comment_status":"open","ping_status":"closed","template":"","meta":[],"product_brand":[],"product_cat":[74],"product_tag":[152],"class_list":{"0":"post-8710","1":"product","2":"type-product","3":"status-publish","4":"has-post-thumbnail","6":"product_cat-face-creams","7":"product_tag-action50","9":"first","10":"outofstock","11":"taxable","12":"shipping-taxable","13":"purchasable","14":"product-type-simple"},"yoast_head":"<!-- This site is optimized with the Yoast SEO Premium plugin v27.3 (Yoast SEO v27.3) - https:\/\/yoast.com\/product\/yoast-seo-premium-wordpress\/ -->\n<title>ExactME - Moisturizer \/ Low Molecular Acid HA \/ Argan Oil 50ml - ZK company<\/title>\n<meta name=\"description\" content=\"It contains nourishing argan oil and squalane, which help keep the skin hydrated and promote its fullness and softness. With vitamin E.\" \/>\n<meta name=\"robots\" content=\"index, follow, max-snippet:-1, max-image-preview:large, max-video-preview:-1\" \/>\n<link rel=\"canonical\" href=\"https:\/\/zkeshop.sk\/produkt\/exactme-hydratacny-krem\/\" \/>\n<meta property=\"og:locale\" content=\"en_US\" \/>\n<meta property=\"og:type\" content=\"article\" \/>\n<meta property=\"og:title\" content=\"ExactME - Moisturizer \/ Low Molecular Acid HA \/ Argan Oil 50ml\" \/>\n<meta property=\"og:description\" content=\"It contains nourishing argan oil and squalane, which help keep the skin hydrated and promote its fullness and softness. With vitamin E.\" \/>\n<meta property=\"og:url\" content=\"https:\/\/zkeshop.sk\/produkt\/exactme-hydratacny-krem\/\" \/>\n<meta property=\"og:site_name\" content=\"ZK company\" \/>\n<meta property=\"article:modified_time\" content=\"2025-01-15T15:37:34+00:00\" \/>\n<meta property=\"og:image\" content=\"https:\/\/zkeshop.sk\/wp-content\/uploads\/2017\/06\/exactme1.jpg\" \/>\n\t<meta property=\"og:image:width\" content=\"1080\" \/>\n\t<meta property=\"og:image:height\" content=\"1080\" \/>\n\t<meta property=\"og:image:type\" content=\"image\/jpeg\" \/>\n<meta name=\"twitter:card\" content=\"summary_large_image\" \/>\n<meta name=\"twitter:label1\" content=\"Price\" \/>\n\t<meta name=\"twitter:data1\" content=\"32,00&nbsp;&euro;\" \/>\n\t<meta name=\"twitter:label2\" content=\"Availability\" \/>\n\t<meta name=\"twitter:data2\" content=\"Out of stock\" \/>\n<script type=\"application\/ld+json\" class=\"yoast-schema-graph\">{\"@context\":\"https:\\\/\\\/schema.org\",\"@graph\":[{\"@type\":\"WebPage\",\"@id\":\"https:\\\/\\\/zkeshop.sk\\\/produkt\\\/exactme-hydratacny-krem\\\/\",\"url\":\"https:\\\/\\\/zkeshop.sk\\\/produkt\\\/exactme-hydratacny-krem\\\/\",\"name\":\"ExactME - Moisturizer \\\/ Low Molecular Acid HA \\\/ Argan Oil 50ml - ZK company\",\"isPartOf\":{\"@id\":\"https:\\\/\\\/zkeshop.sk\\\/#website\"},\"primaryImageOfPage\":{\"@id\":\"https:\\\/\\\/zkeshop.sk\\\/produkt\\\/exactme-hydratacny-krem\\\/#primaryimage\"},\"image\":{\"@id\":\"https:\\\/\\\/zkeshop.sk\\\/produkt\\\/exactme-hydratacny-krem\\\/#primaryimage\"},\"thumbnailUrl\":\"https:\\\/\\\/zkeshop.sk\\\/wp-content\\\/uploads\\\/2017\\\/06\\\/exactme1.jpg\",\"datePublished\":\"2017-06-22T07:11:07+00:00\",\"dateModified\":\"2025-01-15T15:37:34+00:00\",\"description\":\"It contains nourishing argan oil and squalane, which help keep the skin hydrated and promote its fullness and softness. With vitamin E.\",\"breadcrumb\":{\"@id\":\"https:\\\/\\\/zkeshop.sk\\\/produkt\\\/exactme-hydratacny-krem\\\/#breadcrumb\"},\"inLanguage\":\"en-US\",\"potentialAction\":[{\"@type\":\"ReadAction\",\"target\":[\"https:\\\/\\\/zkeshop.sk\\\/produkt\\\/exactme-hydratacny-krem\\\/\"]}]},{\"@type\":\"ImageObject\",\"inLanguage\":\"en-US\",\"@id\":\"https:\\\/\\\/zkeshop.sk\\\/produkt\\\/exactme-hydratacny-krem\\\/#primaryimage\",\"url\":\"https:\\\/\\\/zkeshop.sk\\\/wp-content\\\/uploads\\\/2017\\\/06\\\/exactme1.jpg\",\"contentUrl\":\"https:\\\/\\\/zkeshop.sk\\\/wp-content\\\/uploads\\\/2017\\\/06\\\/exactme1.jpg\",\"width\":1080,\"height\":1080,\"caption\":\"ExactME hydrata\u010dn\u00fd kr\u00e9m s obsahom arg\u00e1nov\u00e9ho oleja, skval\u00e1nu a vitam\u00ednu E - pom\u00e1haj\u00fa udr\u017eiava\u0165 poko\u017eku hydratovan\u00fa a podporuj\u00fa jej plnos\u0165 a m\u00e4kkos\u0165.\"},{\"@type\":\"BreadcrumbList\",\"@id\":\"https:\\\/\\\/zkeshop.sk\\\/produkt\\\/exactme-hydratacny-krem\\\/#breadcrumb\",\"itemListElement\":[{\"@type\":\"ListItem\",\"position\":1,\"name\":\"Home\",\"item\":\"https:\\\/\\\/zkeshop.sk\\\/\"},{\"@type\":\"ListItem\",\"position\":2,\"name\":\"Shop\",\"item\":\"https:\\\/\\\/zkeshop.sk\\\/obchod\\\/\"},{\"@type\":\"ListItem\",\"position\":3,\"name\":\"ExactME &#8211; Moisturizer \\\/ Low Molecular Acid HA \\\/ Argan Oil 50ml\"}]},{\"@type\":\"WebSite\",\"@id\":\"https:\\\/\\\/zkeshop.sk\\\/#website\",\"url\":\"https:\\\/\\\/zkeshop.sk\\\/\",\"name\":\"ZK company\",\"description\":\"Kvalitn\u00e1 kozmetika pre ka\u017edodenn\u00e9 pou\u017eitie\",\"potentialAction\":[{\"@type\":\"SearchAction\",\"target\":{\"@type\":\"EntryPoint\",\"urlTemplate\":\"https:\\\/\\\/zkeshop.sk\\\/?s={search_term_string}\"},\"query-input\":{\"@type\":\"PropertyValueSpecification\",\"valueRequired\":true,\"valueName\":\"search_term_string\"}}],\"inLanguage\":\"en-US\"}]}<\/script>\n<meta property=\"product:price:amount\" content=\"32.00\" \/>\n<meta property=\"product:price:currency\" content=\"EUR\" \/>\n<meta property=\"og:availability\" content=\"out of stock\" \/>\n<meta property=\"product:availability\" content=\"out of stock\" \/>\n<meta property=\"product:retailer_item_id\" content=\"2\" \/>\n<meta property=\"product:condition\" content=\"new\" \/>\n<!-- \/ Yoast SEO Premium plugin. -->","yoast_head_json":{"title":"ExactME - Moisturizer \/ Low Molecular Acid HA \/ Argan Oil 50ml - ZK company","description":"It contains nourishing argan oil and squalane, which help keep the skin hydrated and promote its fullness and softness. With vitamin E.","robots":{"index":"index","follow":"follow","max-snippet":"max-snippet:-1","max-image-preview":"max-image-preview:large","max-video-preview":"max-video-preview:-1"},"canonical":"https:\/\/zkeshop.sk\/produkt\/exactme-hydratacny-krem\/","og_locale":"en_US","og_type":"article","og_title":"ExactME - Moisturizer \/ Low Molecular Acid HA \/ Argan Oil 50ml","og_description":"It contains nourishing argan oil and squalane, which help keep the skin hydrated and promote its fullness and softness. With vitamin E.","og_url":"https:\/\/zkeshop.sk\/produkt\/exactme-hydratacny-krem\/","og_site_name":"ZK company","article_modified_time":"2025-01-15T15:37:34+00:00","og_image":[{"width":1080,"height":1080,"url":"https:\/\/zkeshop.sk\/wp-content\/uploads\/2017\/06\/exactme1.jpg","type":"image\/jpeg"}],"twitter_card":"summary_large_image","twitter_misc":{"Price":"32,00&nbsp;&euro;","Availability":"Out of stock"},"schema":{"@context":"https:\/\/schema.org","@graph":[{"@type":"WebPage","@id":"https:\/\/zkeshop.sk\/produkt\/exactme-hydratacny-krem\/","url":"https:\/\/zkeshop.sk\/produkt\/exactme-hydratacny-krem\/","name":"ExactME - Moisturizer \/ Low Molecular Acid HA \/ Argan Oil 50ml - ZK company","isPartOf":{"@id":"https:\/\/zkeshop.sk\/#website"},"primaryImageOfPage":{"@id":"https:\/\/zkeshop.sk\/produkt\/exactme-hydratacny-krem\/#primaryimage"},"image":{"@id":"https:\/\/zkeshop.sk\/produkt\/exactme-hydratacny-krem\/#primaryimage"},"thumbnailUrl":"https:\/\/zkeshop.sk\/wp-content\/uploads\/2017\/06\/exactme1.jpg","datePublished":"2017-06-22T07:11:07+00:00","dateModified":"2025-01-15T15:37:34+00:00","description":"It contains nourishing argan oil and squalane, which help keep the skin hydrated and promote its fullness and softness. With vitamin E.","breadcrumb":{"@id":"https:\/\/zkeshop.sk\/produkt\/exactme-hydratacny-krem\/#breadcrumb"},"inLanguage":"en-US","potentialAction":[{"@type":"ReadAction","target":["https:\/\/zkeshop.sk\/produkt\/exactme-hydratacny-krem\/"]}]},{"@type":"ImageObject","inLanguage":"en-US","@id":"https:\/\/zkeshop.sk\/produkt\/exactme-hydratacny-krem\/#primaryimage","url":"https:\/\/zkeshop.sk\/wp-content\/uploads\/2017\/06\/exactme1.jpg","contentUrl":"https:\/\/zkeshop.sk\/wp-content\/uploads\/2017\/06\/exactme1.jpg","width":1080,"height":1080,"caption":"ExactME hydrata\u010dn\u00fd kr\u00e9m s obsahom arg\u00e1nov\u00e9ho oleja, skval\u00e1nu a vitam\u00ednu E - pom\u00e1haj\u00fa udr\u017eiava\u0165 poko\u017eku hydratovan\u00fa a podporuj\u00fa jej plnos\u0165 a m\u00e4kkos\u0165."},{"@type":"BreadcrumbList","@id":"https:\/\/zkeshop.sk\/produkt\/exactme-hydratacny-krem\/#breadcrumb","itemListElement":[{"@type":"ListItem","position":1,"name":"Home","item":"https:\/\/zkeshop.sk\/"},{"@type":"ListItem","position":2,"name":"Shop","item":"https:\/\/zkeshop.sk\/obchod\/"},{"@type":"ListItem","position":3,"name":"ExactME &#8211; Moisturizer \/ Low Molecular Acid HA \/ Argan Oil 50ml"}]},{"@type":"WebSite","@id":"https:\/\/zkeshop.sk\/#website","url":"https:\/\/zkeshop.sk\/","name":"ZK company","description":"Kvalitn\u00e1 kozmetika pre ka\u017edodenn\u00e9 pou\u017eitie","potentialAction":[{"@type":"SearchAction","target":{"@type":"EntryPoint","urlTemplate":"https:\/\/zkeshop.sk\/?s={search_term_string}"},"query-input":{"@type":"PropertyValueSpecification","valueRequired":true,"valueName":"search_term_string"}}],"inLanguage":"en-US"}]},"product_price_amount":"32.00","product_price_currency":"EUR","og_availability":"out of stock","product_availability":"out of stock","product_retailer_item_id":"2","product_condition":"new"},"_links":{"self":[{"href":"https:\/\/zkeshop.sk\/en\/wp-json\/wp\/v2\/product\/8710","targetHints":{"allow":["GET"]}}],"collection":[{"href":"https:\/\/zkeshop.sk\/en\/wp-json\/wp\/v2\/product"}],"about":[{"href":"https:\/\/zkeshop.sk\/en\/wp-json\/wp\/v2\/types\/product"}],"replies":[{"embeddable":true,"href":"https:\/\/zkeshop.sk\/en\/wp-json\/wp\/v2\/comments?post=8710"}],"version-history":[{"count":0,"href":"https:\/\/zkeshop.sk\/en\/wp-json\/wp\/v2\/product\/8710\/revisions"}],"wp:featuredmedia":[{"embeddable":true,"href":"https:\/\/zkeshop.sk\/en\/wp-json\/wp\/v2\/media\/8927"}],"wp:attachment":[{"href":"https:\/\/zkeshop.sk\/en\/wp-json\/wp\/v2\/media?parent=8710"}],"wp:term":[{"taxonomy":"product_brand","embeddable":true,"href":"https:\/\/zkeshop.sk\/en\/wp-json\/wp\/v2\/product_brand?post=8710"},{"taxonomy":"product_cat","embeddable":true,"href":"https:\/\/zkeshop.sk\/en\/wp-json\/wp\/v2\/product_cat?post=8710"},{"taxonomy":"product_tag","embeddable":true,"href":"https:\/\/zkeshop.sk\/en\/wp-json\/wp\/v2\/product_tag?post=8710"}],"curies":[{"name":"wp","href":"https:\/\/api.w.org\/{rel}","templated":true}]}}