{"id":8714,"date":"2021-08-30T14:28:50","date_gmt":"2021-08-30T12:28:50","guid":{"rendered":"https:\/\/zkeshop.sk\/produkt\/exact-me-moisturizing-cream-50ml\/"},"modified":"2025-02-17T14:35:32","modified_gmt":"2025-02-17T13:35:32","slug":"exactyou-instant-matte-effect-serum-lifting-effect-15-ml","status":"publish","type":"product","link":"https:\/\/zkeshop.sk\/en\/produkt\/exactyou-instant-matte-effect-serum-lifting-effect-15-ml\/","title":{"rendered":"ExactYOU &#8211; Serum instant mattifying effect \/ lifting effect \/ 15 ml"},"content":{"rendered":"<h4>ExactYOU serum with immediate mattifying and lifting effect, effective in <strong>2 steps<\/strong> containing the patented peptide Matrixyl 3000<\/h4>\n<p><strong>1.<\/strong> This serum has an immediate mattifying effect, all shiny (oily) areas are perfectly mattified, pores are less visible, the skin is satin smooth to the touch for up to 6 hours.<br \/>\nAlso suitable as a base for make-up.<\/p>\n<p><strong>2.<\/strong> With regular use, a long-lasting effect on skin elasticity, hydration and softness.Smoothing of fine lines around the eyes.<\/p>\n<p><strong>BENEFITS<\/strong><\/p>\n<ul>\n<li>immediate matting effect<\/li>\n<li>Unified skin tone<\/li>\n<li>regenerative processes in the skin<\/li>\n<li>a comprehensive solution for dry skin<\/li>\n<li>instantly hydrated skin even to the touch , for more than 6 hours<\/li>\n<li>shiny areas on the face are instantly mattified<\/li>\n<li>suitable for all skin types<\/li>\n<li>serum ExactYOU suitable as a final powder matte look<\/li>\n<\/ul>\n<p>It contains a patented complex of natural sugars that enhance natural hydration through 3 mechanisms:<\/p>\n<ul>\n<li>strengthen the barrier function of the skin<\/li>\n<li>optimise water reserves by enhancing the effects of hyaluronic acid and NMF, which are naturally present in the skin<\/li>\n<li>maximize water circulation in the epidermis &#8211; a versatile and comprehensive solution for dry skin.<\/li>\n<\/ul>\n<p>In addition, it contains the <strong>patented peptide Matrixyl 3000<\/strong>, which, according to clinical studies, promotes regenerative processes in the skin, smoothes wrinkles, improves skin tone and elasticity. Its formula is also fortified with natural vitamin E, which is an excellent antioxidant. <\/p>\n<hr>\n<h5><strong>APPLICATION<\/strong><\/h5>\n<ul>\n<li>ExactYOU serum for daily use<\/li>\n<li>apply to dry cleansed skin in small amounts<\/li>\n<li>gently spread on problem areas around the eyes, nose, T-zone, forehead<\/li>\n<li>ExactYOU serum is the last step of the EXACTLY skin care line 1. toner 2. cream 3. serum   <\/li>\n<li>in case of contact with eyes, rinse thoroughly with sufficient water<\/li>\n<li>never mix ExactYOU serum with cream ( apply sparingly on dry skin )<\/li>\n<li>Store at 20 &#8211; 25 \u00b0C out of the reach of childrenShake the serum before use.<\/li>\n<\/ul>\n<hr>\n<p><strong>Ingredients:<\/strong><br \/>\nCaprylyl Methicone, PEG-12 Dimethicone\/PPG-20 Crosspolymer, Aluminum Starch Octenylsuccinate, Diheptyl Succinate, Capryloyl Glycerin\/Sebacic Acid Copolymer, Undecane, Tridecane, Xylitylglucoside, Anhydroxylitol, Xylitol, Glycerin, Aqua, Butylene Glycol, Carbomer, Polysorbate 20, Palmitoyl Oligopeptide, Palmitoyl Tetrapeptide-7, Tocopherol, Beta-Sitosterol, Squalene, Parfum.<\/p>\n","protected":false},"excerpt":{"rendered":"<p>Thanks to its special formula, it has a double effect: an immediate powder effect immediately after application on the skin and with regular use a long-lasting effect on the elasticity, hydration and softness of the skin.<\/p>\n","protected":false},"featured_media":12588,"comment_status":"open","ping_status":"closed","template":"","meta":[],"product_brand":[],"product_cat":[74],"product_tag":[152,148,149],"class_list":{"0":"post-8714","1":"product","2":"type-product","3":"status-publish","4":"has-post-thumbnail","6":"product_cat-face-creams","7":"product_tag-action50","8":"product_tag-land-en","9":"product_tag-perfection","11":"first","12":"outofstock","13":"taxable","14":"shipping-taxable","15":"purchasable","16":"product-type-simple"},"yoast_head":"<!-- This site is optimized with the Yoast SEO Premium plugin v27.3 (Yoast SEO v27.3) - https:\/\/yoast.com\/product\/yoast-seo-premium-wordpress\/ -->\n<title>ExactYOU - serum with immediate mattifying and lifting effect<\/title>\n<meta name=\"description\" content=\"The serum&#039;s immediate effect mattifies your skin, pores are less visible and your skin feels smoother to the touch for up to 6 hours. Also suitable as a base for make-up.\" \/>\n<meta name=\"robots\" content=\"index, follow, max-snippet:-1, max-image-preview:large, max-video-preview:-1\" \/>\n<link rel=\"canonical\" href=\"https:\/\/zkeshop.sk\/en\/produkt\/exactyou-instant-matte-effect-serum-lifting-effect-15-ml\/\" \/>\n<meta property=\"og:locale\" content=\"en_US\" \/>\n<meta property=\"og:type\" content=\"article\" \/>\n<meta property=\"og:title\" content=\"ExactYOU - Serum instant mattifying effect \/ lifting effect \/ 15 ml\" \/>\n<meta property=\"og:description\" content=\"The serum&#039;s immediate effect mattifies your skin, pores are less visible and your skin feels smoother to the touch for up to 6 hours. Also suitable as a base for make-up.\" \/>\n<meta property=\"og:url\" content=\"https:\/\/zkeshop.sk\/en\/produkt\/exactyou-instant-matte-effect-serum-lifting-effect-15-ml\/\" \/>\n<meta property=\"og:site_name\" content=\"ZK company\" \/>\n<meta property=\"article:modified_time\" content=\"2025-02-17T13:35:32+00:00\" \/>\n<meta property=\"og:image\" content=\"https:\/\/zkeshop.sk\/wp-content\/uploads\/2021\/08\/ExactYOU-spolocna_NOVE-LOGO-scaled-e1707050487852.jpg\" \/>\n\t<meta property=\"og:image:width\" content=\"2560\" \/>\n\t<meta property=\"og:image:height\" content=\"1709\" \/>\n\t<meta property=\"og:image:type\" content=\"image\/jpeg\" \/>\n<meta name=\"twitter:card\" content=\"summary_large_image\" \/>\n<meta name=\"twitter:label1\" content=\"Price\" \/>\n\t<meta name=\"twitter:data1\" content=\"38,00&nbsp;&euro;\" \/>\n\t<meta name=\"twitter:label2\" content=\"Availability\" \/>\n\t<meta name=\"twitter:data2\" content=\"Out of stock\" \/>\n<script type=\"application\/ld+json\" class=\"yoast-schema-graph\">{\"@context\":\"https:\\\/\\\/schema.org\",\"@graph\":[{\"@type\":\"WebPage\",\"@id\":\"https:\\\/\\\/zkeshop.sk\\\/en\\\/produkt\\\/exactyou-instant-matte-effect-serum-lifting-effect-15-ml\\\/\",\"url\":\"https:\\\/\\\/zkeshop.sk\\\/en\\\/produkt\\\/exactyou-instant-matte-effect-serum-lifting-effect-15-ml\\\/\",\"name\":\"ExactYOU - serum with immediate mattifying and lifting effect\",\"isPartOf\":{\"@id\":\"https:\\\/\\\/zkeshop.sk\\\/#website\"},\"primaryImageOfPage\":{\"@id\":\"https:\\\/\\\/zkeshop.sk\\\/en\\\/produkt\\\/exactyou-instant-matte-effect-serum-lifting-effect-15-ml\\\/#primaryimage\"},\"image\":{\"@id\":\"https:\\\/\\\/zkeshop.sk\\\/en\\\/produkt\\\/exactyou-instant-matte-effect-serum-lifting-effect-15-ml\\\/#primaryimage\"},\"thumbnailUrl\":\"https:\\\/\\\/zkeshop.sk\\\/wp-content\\\/uploads\\\/2021\\\/08\\\/ExactYOU-spolocna_NOVE-LOGO-scaled-e1707050487852.jpg\",\"datePublished\":\"2021-08-30T12:28:50+00:00\",\"dateModified\":\"2025-02-17T13:35:32+00:00\",\"description\":\"The serum's immediate effect mattifies your skin, pores are less visible and your skin feels smoother to the touch for up to 6 hours. Also suitable as a base for make-up.\",\"breadcrumb\":{\"@id\":\"https:\\\/\\\/zkeshop.sk\\\/en\\\/produkt\\\/exactyou-instant-matte-effect-serum-lifting-effect-15-ml\\\/#breadcrumb\"},\"inLanguage\":\"en-US\",\"potentialAction\":[{\"@type\":\"ReadAction\",\"target\":[\"https:\\\/\\\/zkeshop.sk\\\/en\\\/produkt\\\/exactyou-instant-matte-effect-serum-lifting-effect-15-ml\\\/\"]}]},{\"@type\":\"ImageObject\",\"inLanguage\":\"en-US\",\"@id\":\"https:\\\/\\\/zkeshop.sk\\\/en\\\/produkt\\\/exactyou-instant-matte-effect-serum-lifting-effect-15-ml\\\/#primaryimage\",\"url\":\"https:\\\/\\\/zkeshop.sk\\\/wp-content\\\/uploads\\\/2021\\\/08\\\/ExactYOU-spolocna_NOVE-LOGO-scaled-e1707050487852.jpg\",\"contentUrl\":\"https:\\\/\\\/zkeshop.sk\\\/wp-content\\\/uploads\\\/2021\\\/08\\\/ExactYOU-spolocna_NOVE-LOGO-scaled-e1707050487852.jpg\",\"width\":2560,\"height\":1709,\"caption\":\"S\u00e9rum s okam\u017eit\u00fdm \u00fa\u010dinkom zmat\u0148uje va\u0161u ple\u0165, p\u00f3ry s\u00fa menej vidite\u013en\u00e9 a na dotyk je va\u0161a ple\u0165 hlad\u0161ia a\u017e na 6 hod\u00edn. Vhodn\u00e9 aj ako podklad pod make-up\"},{\"@type\":\"BreadcrumbList\",\"@id\":\"https:\\\/\\\/zkeshop.sk\\\/en\\\/produkt\\\/exactyou-instant-matte-effect-serum-lifting-effect-15-ml\\\/#breadcrumb\",\"itemListElement\":[{\"@type\":\"ListItem\",\"position\":1,\"name\":\"Home\",\"item\":\"https:\\\/\\\/zkeshop.sk\\\/\"},{\"@type\":\"ListItem\",\"position\":2,\"name\":\"Shop\",\"item\":\"https:\\\/\\\/zkeshop.sk\\\/obchod\\\/\"},{\"@type\":\"ListItem\",\"position\":3,\"name\":\"ExactYOU &#8211; Serum instant mattifying effect \\\/ lifting effect \\\/ 15 ml\"}]},{\"@type\":\"WebSite\",\"@id\":\"https:\\\/\\\/zkeshop.sk\\\/#website\",\"url\":\"https:\\\/\\\/zkeshop.sk\\\/\",\"name\":\"ZK company\",\"description\":\"Kvalitn\u00e1 kozmetika pre ka\u017edodenn\u00e9 pou\u017eitie\",\"potentialAction\":[{\"@type\":\"SearchAction\",\"target\":{\"@type\":\"EntryPoint\",\"urlTemplate\":\"https:\\\/\\\/zkeshop.sk\\\/?s={search_term_string}\"},\"query-input\":{\"@type\":\"PropertyValueSpecification\",\"valueRequired\":true,\"valueName\":\"search_term_string\"}}],\"inLanguage\":\"en-US\"}]}<\/script>\n<meta property=\"product:price:amount\" content=\"38.00\" \/>\n<meta property=\"product:price:currency\" content=\"EUR\" \/>\n<meta property=\"og:availability\" content=\"out of stock\" \/>\n<meta property=\"product:availability\" content=\"out of stock\" \/>\n<meta property=\"product:retailer_item_id\" content=\"3\" \/>\n<meta property=\"product:condition\" content=\"new\" \/>\n<!-- \/ Yoast SEO Premium plugin. -->","yoast_head_json":{"title":"ExactYOU - serum with immediate mattifying and lifting effect","description":"The serum's immediate effect mattifies your skin, pores are less visible and your skin feels smoother to the touch for up to 6 hours. Also suitable as a base for make-up.","robots":{"index":"index","follow":"follow","max-snippet":"max-snippet:-1","max-image-preview":"max-image-preview:large","max-video-preview":"max-video-preview:-1"},"canonical":"https:\/\/zkeshop.sk\/en\/produkt\/exactyou-instant-matte-effect-serum-lifting-effect-15-ml\/","og_locale":"en_US","og_type":"article","og_title":"ExactYOU - Serum instant mattifying effect \/ lifting effect \/ 15 ml","og_description":"The serum's immediate effect mattifies your skin, pores are less visible and your skin feels smoother to the touch for up to 6 hours. Also suitable as a base for make-up.","og_url":"https:\/\/zkeshop.sk\/en\/produkt\/exactyou-instant-matte-effect-serum-lifting-effect-15-ml\/","og_site_name":"ZK company","article_modified_time":"2025-02-17T13:35:32+00:00","og_image":[{"width":2560,"height":1709,"url":"https:\/\/zkeshop.sk\/wp-content\/uploads\/2021\/08\/ExactYOU-spolocna_NOVE-LOGO-scaled-e1707050487852.jpg","type":"image\/jpeg"}],"twitter_card":"summary_large_image","twitter_misc":{"Price":"38,00&nbsp;&euro;","Availability":"Out of stock"},"schema":{"@context":"https:\/\/schema.org","@graph":[{"@type":"WebPage","@id":"https:\/\/zkeshop.sk\/en\/produkt\/exactyou-instant-matte-effect-serum-lifting-effect-15-ml\/","url":"https:\/\/zkeshop.sk\/en\/produkt\/exactyou-instant-matte-effect-serum-lifting-effect-15-ml\/","name":"ExactYOU - serum with immediate mattifying and lifting effect","isPartOf":{"@id":"https:\/\/zkeshop.sk\/#website"},"primaryImageOfPage":{"@id":"https:\/\/zkeshop.sk\/en\/produkt\/exactyou-instant-matte-effect-serum-lifting-effect-15-ml\/#primaryimage"},"image":{"@id":"https:\/\/zkeshop.sk\/en\/produkt\/exactyou-instant-matte-effect-serum-lifting-effect-15-ml\/#primaryimage"},"thumbnailUrl":"https:\/\/zkeshop.sk\/wp-content\/uploads\/2021\/08\/ExactYOU-spolocna_NOVE-LOGO-scaled-e1707050487852.jpg","datePublished":"2021-08-30T12:28:50+00:00","dateModified":"2025-02-17T13:35:32+00:00","description":"The serum's immediate effect mattifies your skin, pores are less visible and your skin feels smoother to the touch for up to 6 hours. Also suitable as a base for make-up.","breadcrumb":{"@id":"https:\/\/zkeshop.sk\/en\/produkt\/exactyou-instant-matte-effect-serum-lifting-effect-15-ml\/#breadcrumb"},"inLanguage":"en-US","potentialAction":[{"@type":"ReadAction","target":["https:\/\/zkeshop.sk\/en\/produkt\/exactyou-instant-matte-effect-serum-lifting-effect-15-ml\/"]}]},{"@type":"ImageObject","inLanguage":"en-US","@id":"https:\/\/zkeshop.sk\/en\/produkt\/exactyou-instant-matte-effect-serum-lifting-effect-15-ml\/#primaryimage","url":"https:\/\/zkeshop.sk\/wp-content\/uploads\/2021\/08\/ExactYOU-spolocna_NOVE-LOGO-scaled-e1707050487852.jpg","contentUrl":"https:\/\/zkeshop.sk\/wp-content\/uploads\/2021\/08\/ExactYOU-spolocna_NOVE-LOGO-scaled-e1707050487852.jpg","width":2560,"height":1709,"caption":"S\u00e9rum s okam\u017eit\u00fdm \u00fa\u010dinkom zmat\u0148uje va\u0161u ple\u0165, p\u00f3ry s\u00fa menej vidite\u013en\u00e9 a na dotyk je va\u0161a ple\u0165 hlad\u0161ia a\u017e na 6 hod\u00edn. Vhodn\u00e9 aj ako podklad pod make-up"},{"@type":"BreadcrumbList","@id":"https:\/\/zkeshop.sk\/en\/produkt\/exactyou-instant-matte-effect-serum-lifting-effect-15-ml\/#breadcrumb","itemListElement":[{"@type":"ListItem","position":1,"name":"Home","item":"https:\/\/zkeshop.sk\/"},{"@type":"ListItem","position":2,"name":"Shop","item":"https:\/\/zkeshop.sk\/obchod\/"},{"@type":"ListItem","position":3,"name":"ExactYOU &#8211; Serum instant mattifying effect \/ lifting effect \/ 15 ml"}]},{"@type":"WebSite","@id":"https:\/\/zkeshop.sk\/#website","url":"https:\/\/zkeshop.sk\/","name":"ZK company","description":"Kvalitn\u00e1 kozmetika pre ka\u017edodenn\u00e9 pou\u017eitie","potentialAction":[{"@type":"SearchAction","target":{"@type":"EntryPoint","urlTemplate":"https:\/\/zkeshop.sk\/?s={search_term_string}"},"query-input":{"@type":"PropertyValueSpecification","valueRequired":true,"valueName":"search_term_string"}}],"inLanguage":"en-US"}]},"product_price_amount":"38.00","product_price_currency":"EUR","og_availability":"out of stock","product_availability":"out of stock","product_retailer_item_id":"3","product_condition":"new"},"_links":{"self":[{"href":"https:\/\/zkeshop.sk\/en\/wp-json\/wp\/v2\/product\/8714","targetHints":{"allow":["GET"]}}],"collection":[{"href":"https:\/\/zkeshop.sk\/en\/wp-json\/wp\/v2\/product"}],"about":[{"href":"https:\/\/zkeshop.sk\/en\/wp-json\/wp\/v2\/types\/product"}],"replies":[{"embeddable":true,"href":"https:\/\/zkeshop.sk\/en\/wp-json\/wp\/v2\/comments?post=8714"}],"version-history":[{"count":1,"href":"https:\/\/zkeshop.sk\/en\/wp-json\/wp\/v2\/product\/8714\/revisions"}],"predecessor-version":[{"id":8896,"href":"https:\/\/zkeshop.sk\/en\/wp-json\/wp\/v2\/product\/8714\/revisions\/8896"}],"wp:featuredmedia":[{"embeddable":true,"href":"https:\/\/zkeshop.sk\/en\/wp-json\/wp\/v2\/media\/12588"}],"wp:attachment":[{"href":"https:\/\/zkeshop.sk\/en\/wp-json\/wp\/v2\/media?parent=8714"}],"wp:term":[{"taxonomy":"product_brand","embeddable":true,"href":"https:\/\/zkeshop.sk\/en\/wp-json\/wp\/v2\/product_brand?post=8714"},{"taxonomy":"product_cat","embeddable":true,"href":"https:\/\/zkeshop.sk\/en\/wp-json\/wp\/v2\/product_cat?post=8714"},{"taxonomy":"product_tag","embeddable":true,"href":"https:\/\/zkeshop.sk\/en\/wp-json\/wp\/v2\/product_tag?post=8714"}],"curies":[{"name":"wp","href":"https:\/\/api.w.org\/{rel}","templated":true}]}}